{"id":7746,"date":"2021-08-22T12:46:02","date_gmt":"2021-08-22T05:46:02","guid":{"rendered":"https:\/\/truongphatplastic.com.vn\/nuoi-bien\/?post_type=product&#038;p=7746"},"modified":"2023-06-01T11:32:41","modified_gmt":"2023-06-01T04:32:41","slug":"phao-noi-nhua-hdpe","status":"publish","type":"product","link":"https:\/\/truongphatplastic.com.vn\/nuoi-bien\/sp\/phao-noi-nhua-hdpe\/","title":{"rendered":"Phao n\u1ed5i nh\u1ef1a HDPE"},"content":{"rendered":"<h2>Th\u00f4ng s\u1ed1 k\u1ef9 thu\u1eadt s\u1ea3n ph\u1ea9m phao n\u1ed5i nh\u1ef1a HDPE<\/h2>\n<ul>\n<li><b>Ch\u1ea5t<\/b>\u00a0<b>li\u1ec7u<\/b><b>:\u00a0<\/b>Nh\u1ef1a HDPE<\/li>\n<li><strong>M\u00e0u\u00a0s\u1eafc<\/strong>: M\u00e0u \u0111en<\/li>\n<li><strong>C\u1ea5u tr\u00fac b\u1ec1 m\u1eb7t<\/strong>: 02 g\u00e2n s\u00f3ng n\u1ed5i v\u00e0 04 g\u00e2n s\u00f3ng ch\u00ecm, in d\u1eadp n\u1ed5i logo SuperPlas, k\u00fd hi\u1ec7u V3<\/li>\n<li><strong>\u1ee8ng d\u1ee5ng<\/strong>: Nu\u00f4i nhuy\u1ec5n th\u1ec3 nh\u01b0 h\u00e0u, tu h\u00e0i, ngao 2 c\u00f9i\u2026<\/li>\n<li><b>Th\u00f4ng s\u1ed1 k\u1ef9 thu\u1eadt:<\/b><\/li>\n<\/ul>\n<p><a href=\"https:\/\/truongphatplastic.com.vn\/nuoi-bien\/?attachment_id=8168\" rel=\"attachment wp-att-8168\"><img loading=\"lazy\" class=\"aligncenter wp-image-8168\" src=\"https:\/\/truongphatplastic.com.vn\/nuoi-bien\/wp-content\/uploads\/2021\/08\/thong-so-phao-hdpe.jpg\" alt=\"th\u00f4ng s\u1ed1 phao hdpe\" width=\"800\" height=\"238\" srcset=\"https:\/\/truongphatplastic.com.vn\/nuoi-bien\/wp-content\/uploads\/2021\/08\/thong-so-phao-hdpe.jpg 1403w, https:\/\/truongphatplastic.com.vn\/nuoi-bien\/wp-content\/uploads\/2021\/08\/thong-so-phao-hdpe-600x179.jpg 600w\" sizes=\"(max-width: 800px) 100vw, 800px\" \/><\/a><\/p>\n<div>\n<h2>CH\u00cdNH S\u00c1CH V\u00c0 \u0110I\u1ec0U KI\u1ec6N B\u1ea2O H\u00c0NH PHAO STP:<\/h2>\n<h3>Ch\u00ednh s\u00e1ch b\u1ea3o h\u00e0nh b\u1ea3o tr\u00ec \u0111\u1ed1i v\u1edbi s\u1ea3n ph\u1ea9m phao n\u1ed5i HDPE phi\u00ean b\u1ea3n n\u00e2ng c\u1ea5p<\/h3>\n<ul>\n<li><strong>Th\u1eddi gian b\u1ea3o h\u00e0nh<\/strong>: 24 th\u00e1ng k\u1ec3 t\u1eeb ng\u00e0y s\u1ea3n xu\u1ea5t<\/li>\n<li><strong>C\u01a1 ch\u1ebf b\u1ea3o h\u00e0nh<\/strong>: \u0110\u1ed5i 1 \u2013 1 t\u1ea1i Tr\u1ea1m b\u1ea3o h\u00e0nh c\u1ee7a b\u00ean b\u00e1n ho\u1eb7c Nh\u00e0 ph\u00e2n ph\u1ed1i<\/li>\n<\/ul>\n<h3>\u0110i\u1ec1u ki\u1ec7n b\u1ea3o h\u00e0nh s\u1ea3n ph\u1ea9m:<\/h3>\n<ul>\n<li>S\u1ea3n ph\u1ea9m ch\u00ednh h\u00e3ng c\u1ee7a SUPERPLAS \u0111\u01b0\u1ee3c mua t\u1ea1i h\u1ec7 th\u1ed1ng \u0111\u1ea1i l\u00fd ch\u00ednh th\u1ee9c c\u1ee7a SUPERPLAS v\u00e0 c\u00f2n trong th\u1eddi gian b\u1ea3o h\u00e0nh, th\u00f4ng tin tra c\u1ee9u: http:\/\/truongphatplastic.com.vn ho\u1eb7c li\u00ean h\u1ec7 b\u1ed9 ph\u1eadn hotline k\u1ef9 thu\u1eadt SUPERPLAS qua s\u1ed1 Hotline: 0979864458<\/li>\n<li>C\u00e1c s\u1ea3n ph\u1ea9m ph\u1ea3i th\u1ea5y r\u00f5 s\u1ed1 seri (No), Logo SUPERPLAS, cung c\u1ea5p \u0111\u01b0\u1ee3c tr\u00ecnh phi\u1ebfu b\u1ea3o h\u00e0nh c\u00f2n th\u1eddi h\u1ea1n b\u1ea3o h\u00e0nh<\/li>\n<li>Vi\u1ec7c b\u1ea3o h\u00e0nh \u0111\u01b0\u1ee3c cung c\u1ea5p b\u1edfi Nh\u00e0 s\u1ea3n xu\u1ea5t, \u00e1p d\u1ee5ng cho c\u00e1c l\u1ed7i do Nh\u00e0 s\u1ea3n xu\u1ea5t \u0111\u1ed1i v\u1edbi s\u1ea3n ph\u1ea9m \u0111\u01b0\u1ee3c s\u1eed d\u1ee5ng trong l\u00e3nh th\u1ed5 Vi\u1ec7t Nam.<\/li>\n<li>C\u00e1c d\u1ecbch v\u1ee5 b\u1ea3o h\u00e0nh, s\u1eeda ch\u1eefa ch\u1ec9 c\u00f3 th\u1ec3 \u0111\u01b0\u1ee3c th\u1ef1c hi\u1ec7n b\u1edfi k\u1ef9 thu\u1eadt vi\u00ean c\u1ee7a Nh\u00e0 s\u1ea3n xu\u1ea5t ho\u1eb7c c\u00e1c Nh\u00e0 ph\u00e2n ph\u1ed1i, \u0111\u1ea1i l\u00fd do Nh\u00e0 s\u1ea3n xu\u1ea5t \u1ee7y quy\u1ec1n.<\/li>\n<li>B\u1ea3o h\u00e0nh trong tr\u01b0\u1eddng h\u1ee3p phao b\u1ecb m\u00f3p, b\u1ecb th\u1ee7ng, b\u1ecb g\u1eadp, g\u00e3y \u1ed1ng; m\u1ed1i h\u00e0n b\u1ecb th\u1ee7ng b\u1edfi c\u00e1c t\u00e1c nh\u00e2n kh\u00e1ch quan v\u1ec1 th\u1eddi ti\u1ebft, m\u00f4i tr\u01b0\u1eddng.<\/li>\n<li>B\u1ea3o h\u00e0nh, \u0111\u1ed5i m\u1edbi n\u1ebfu l\u1ed7i x\u1ea3y ra trong qu\u00e1 tr\u00ecnh Nh\u00e0 s\u1ea3n xu\u1ea5t ch\u1ecbu tr\u00e1ch nhi\u1ec7m giao h\u00e0ng cho c\u00e1c Nh\u00e0 ph\u00e2n ph\u1ed1i, \u0111\u1ea1i l\u00fd ho\u1eb7c tr\u1ef1c ti\u1ebfp \u0111\u1ebfn ng\u01b0\u1eddi ti\u00eau d\u00f9ng t\u1ea1i tr\u1ea1m b\u1ea3o h\u00e0nh<\/li>\n<li>\u0110\u1ed1i v\u1edbi c\u00e1c tr\u01b0\u1eddng h\u1ee3p kh\u00f4ng n\u1eb1m trong \u0111i\u1ec1u ki\u1ec7n b\u1ea3o h\u00e0nh, Nh\u00e0 s\u1ea3n xu\u1ea5t c\u00f3 quy\u1ec1n t\u00ednh ph\u00ed theo t\u1eebng tr\u01b0\u1eddng h\u1ee3p c\u1ee5 th\u1ec3.<\/li>\n<\/ul>\n<h3>C\u00e1c tr\u01b0\u1eddng h\u1ee3p kh\u00f4ng \u0111\u01b0\u1ee3c b\u1ea3o h\u00e0nh:<\/h3>\n<ul>\n<li>S\u1ea3n ph\u1ea9m kh\u00f4ng c\u00f2n trong th\u1eddi gian b\u1ea3o h\u00e0nh<\/li>\n<li>Kh\u00f4ng cung c\u1ea5p \u0111\u01b0\u1ee3c phi\u1ebfu b\u1ea3o h\u00e0nh khi s\u1eeda ch\u1eefa<\/li>\n<li>Th\u00f4ng tin tr\u00ean phi\u1ebfu b\u1ea3o h\u00e0nh kh\u00f4ng \u0111\u1ea7y \u0111\u1ee7, kh\u00f4ng tr\u00f9ng kh\u1edbp v\u1edbi s\u1ea3n ph\u1ea9m th\u1ef1c t\u1ebf, kh\u00e1ch h\u00e0ng kh\u00f4ng k\u00edch ho\u1ea1t b\u1ea3o h\u00e0nh \u0111i\u1ec7n t\u1eed, kh\u00f4ng c\u00f3 ch\u1ee9ng t\u1eeb (h\u00f3a \u0111\u01a1n mua h\u00e0ng, phi\u1ebfu mua h\u00e0ng c\u1ee7a ng\u01b0\u1eddi b\u00e1n) \u0111\u1ec3 ch\u1ee9ng minh ng\u00e0y mua h\u00e0ng v\u00e0 ngu\u1ed3n g\u1ed1c s\u1ea3n ph\u1ea9m.<\/li>\n<li>S\u1ea3n ph\u1ea9m gi\u1ea3 m\u1ea1o, kh\u00f4ng c\u00f3 tem m\u00e1c, logo c\u1ee7a Nh\u00e0 s\u1ea3n xu\u1ea5t, S\u1ea3n ph\u1ea9m kh\u00f4ng ph\u1ea3i h\u00e0ng ch\u00ednh h\u00e3ng c\u1ee7a SUPERPLAS.<\/li>\n<li>L\u1ed7i do v\u1eadn chuy\u1ec3n, thi\u00ean tai, s\u1eed d\u1ee5ng h\u00f3a ch\u1ea5t, s\u1ea3n ph\u1ea9m b\u1ecb r\u01a1i v\u1ee1, t\u00e1c \u0111\u1ed9ng ngo\u1ea1i l\u1ef1c.<\/li>\n<li>L\u1ed7i do l\u1eafp \u0111\u1eb7t, t\u1ef1 \u00fd thay \u0111\u1ed5i c\u1ea5u tr\u00fac, ki\u1ec3u c\u00e1ch, k\u00edch th\u01b0\u1edbc c\u1ee7a s\u1ea3n ph\u1ea9m, s\u1eed d\u1ee5ng kh\u00f4ng \u0111\u00fang c\u00e1ch, b\u1ea3o qu\u1ea3n kh\u00f4ng \u0111\u00fang c\u00e1ch, kh\u00f4ng tu\u00e2n theo h\u01b0\u1edbng d\u1eabn s\u1eed d\u1ee5ng ho\u1eb7c c\u00e1c c\u1ea3nh b\u00e1o tr\u00ean s\u1ea3n ph\u1ea9m.<\/li>\n<li>L\u1ed7i khi hao m\u00f2n th\u00f4ng th\u01b0\u1eddng ho\u1eb7c s\u1eed d\u1ee5ng do \u0111i\u1ec1u ki\u1ec7n m\u00f4i tr\u01b0\u1eddng n\u01a1i \u0111\u1eb7t s\u1ea3n ph\u1ea9m kh\u00f4ng ph\u00f9 h\u1ee3p.<\/li>\n<li>Kh\u00e1ch h\u00e0ng t\u1ef1 \u00fd b\u1ea3o h\u00e0nh ho\u1eb7c s\u1eeda ch\u1eefa t\u1ea1i c\u00e1c c\u01a1 s\u1edf d\u1ecbch v\u1ee5 kh\u00e1c ngo\u00e0i h\u1ec7 th\u1ed1ng b\u1ea3o h\u00e0nh c\u1ee7a SUPERPLAS.<\/li>\n<li>S\u1ea3n ph\u1ea9m \u0111\u01b0\u1ee3c s\u1eed d\u1ee5ng ngo\u00e0i l\u00e3nh th\u1ed5 Vi\u1ec7t Nam<\/li>\n<\/ul>\n<h3>Quy tr\u00ecnh b\u1ea3o h\u00e0nh:<\/h3>\n<ul>\n<li>B\u00ean Mua khi ph\u00e1t hi\u1ec7n ra l\u1ed7i, h\u1ecfng, ch\u1ee5p \u00edt nh\u1ea5t 02 b\u1ee9c \u1ea3nh th\u1ec3 hi\u1ec7n l\u1ed7i, h\u1ecfng c\u1ee7a s\u1ea3n ph\u1ea9m. Th\u00f4ng b\u00e1o t\u1edbi B\u00ean b\u00e1n b\u1eb1ng v\u0103n b\u1ea3n k\u00e8m theo phi\u1ebfu b\u1ea3o h\u00e0nh c\u1ee7a Nh\u00e0 s\u1ea3n xu\u1ea5t.<\/li>\n<li>Trong v\u00f2ng 48 \u2013 72 gi\u1edd sau khi B\u00ean mua \u0111\u00e3 th\u00f4ng b\u00e1o b\u1eb1ng v\u0103n b\u1ea3n cho B\u00ean b\u00e1n v\u1ec1 nh\u1eefng h\u01b0 h\u1ecfng n\u1eb1m trong ph\u1ea1m vi b\u1ea3o h\u00e0nh. B\u00ean b\u00e1n c\u00f3 tr\u00e1ch nhi\u1ec7m c\u1eed \u0111\u1ea1i di\u1ec7n \u0111\u1ebfn t\u1eadn n\u01a1i \u0111\u1ec3 x\u00e1c nh\u1eadn s\u1ef1 c\u1ed1 v\u00e0 ti\u1ebfn h\u00e0nh b\u1ea3o h\u00e0nh.<\/li>\n<li>Tr\u01b0\u1eddng h\u1ee3p c\u00f3 s\u1ef1 c\u1ed1 li\u00ean quan \u0111\u1ebfn b\u1ea3o h\u00e0nh, B\u00ean mua ph\u1ea3i gi\u1eef nguy\u00ean hi\u1ec7n tr\u01b0\u1eddng v\u00e0 th\u00f4ng b\u00e1o b\u1eb1ng v\u0103n b\u1ea3n cho B\u00ean b\u00e1n c\u1eed nh\u00e2n vi\u00ean \u0111\u1ebfn ki\u1ec3m tra, x\u00e1c \u0111\u1ecbnh nguy\u00ean nh\u00e2n h\u01b0 h\u1ecfng v\u00e0 c\u00f3 bi\u1ec7n ph\u00e1p kh\u1eafc ph\u1ee5c.<\/li>\n<li>Tuy nhi\u00ean, n\u1ebfu sau khi ki\u1ec3m tra m\u00e0 h\u01b0 h\u1ecfng kh\u00f4ng thu\u1ed9c ph\u1ea1m vi b\u1ea3o h\u00e0nh th\u00ec B\u00ean mua ph\u1ea3i ch\u1ecbu m\u1ecdi chi ph\u00ed, k\u1ec3 c\u1ea3 chi ph\u00ed \u0111i l\u1ea1i cho nh\u00e2n vi\u00ean c\u1ee7a B\u00ean b\u00e1n.<\/li>\n<\/ul>\n<p><img loading=\"lazy\" class=\"alignnone wp-image-8595\" src=\"https:\/\/nuoitrongthuysan.com.vn\/wp-content\/uploads\/2021\/08\/stp-building.jpg\" sizes=\"(max-width: 1000px) 100vw, 1000px\" srcset=\"https:\/\/nuoitrongthuysan.com.vn\/wp-content\/uploads\/2021\/08\/stp-building.jpg 2048w, https:\/\/nuoitrongthuysan.com.vn\/wp-content\/uploads\/2021\/08\/stp-building-1536x1024.jpg 1536w, https:\/\/nuoitrongthuysan.com.vn\/wp-content\/uploads\/2021\/08\/stp-building-600x400.jpg 600w\" alt=\"Tr\u1ee5 s\u1edf ch\u00ednh C\u00f4ng ty CP Nh\u1ef1a Super Tr\u01b0\u1eddng Ph\u00e1t\" width=\"1000\" height=\"667\" \/><\/p>\n<\/div>\n<p><em>Tr\u1ee5 s\u1edf ch\u00ednh C\u00f4ng ty CP Nh\u1ef1a Super Tr\u01b0\u1eddng Ph\u00e1t<\/em><\/p>\n<h2>S\u1ea3n ph\u1ea9m nu\u00f4i bi\u1ec3n c\u1ee7a c\u00f4ng ty Nh\u1ef1a Super Tr\u01b0\u1eddng Ph\u00e1t<\/h2>\n<p>Lu\u00f4n \u0111\u01b0\u1ee3c c\u00e1c nh\u00e0 th\u1ea7u, ch\u1ee7 \u0111\u1ea7u t\u01b0, ch\u1ee7 d\u1ef1 \u00e1n trong v\u00e0 ngo\u00e0i n\u01b0\u1edbc tin d\u00f9ng, Nh\u1ef1a Super Tr\u01b0\u1eddng Ph\u00e1t m\u1ea1nh m\u1ebd \u0111i s\u00e2u nghi\u00ean c\u1ee9u, h\u1ecdc h\u1ecfi v\u00e0 ph\u00e1t tri\u1ec3n c\u00e1c s\u1ea3n ph\u1ea9m Nu\u00f4i bi\u1ec3n t\u1eeb nh\u1ef1a HDPE \u0111\u1eb7c ch\u1ee7ng. Trong su\u1ed1t 2 n\u0103m qua, Super Tr\u01b0\u1eddng Ph\u00e1t \u0111\u00e3 \u0111\u01b0a ra th\u1ecb tr\u01b0\u1eddng c\u00e1c s\u1ea3n ph\u1ea9m nu\u00f4i bi\u1ec3n ch\u1ea5t l\u01b0\u1ee3ng cao, \u00e1p d\u1ee5ng c\u00e1c c\u00f4ng ngh\u1ec7 ti\u00ean ti\u1ebfn.<\/p>\n<p>Ban l\u00e3nh \u0111\u1ea1o c\u00f9ng \u0111\u1ed9i ng\u0169 nghi\u00ean c\u1ee9u s\u1ea3n ph\u1ea9m kh\u00f4ng ng\u1eebng h\u1ecdc h\u1ecfi, t\u00ecm hi\u1ec3u s\u00e2u s\u00e1t t\u1edbi c\u00e1c th\u1ecb tr\u01b0\u1eddng nu\u00f4i bi\u1ec3n trong n\u01b0\u1edbc c\u1ee5 th\u1ec3 nh\u01b0: H\u00f2a B\u00ecnh, Qu\u1ea3ng Ninh, Ninh B\u00ecnh, Thanh H\u00f3a, Ngh\u1ec7 An, \u0110\u00e0 N\u1eb5ng, Ph\u00fa Y\u00ean, Nha Trang, B\u00ecnh Thu\u1eadn, Ninh Thu\u1eadn, B\u00e0 R\u1ecba \u2013 V\u0169ng T\u00e0u, B\u1ebfn Tre\u2026 N\u1eafm r\u00f5 \u0111\u01b0\u1ee3c c\u00e1c \u0111i\u1ec3m m\u1ea1nh, \u0111i\u1ec3m y\u1ebfu, thu\u1eadn l\u1ee3i v\u00e0 kh\u00f3 kh\u0103n c\u1ee7a t\u1eebng v\u00f9ng nu\u00f4i tr\u1ed3ng th\u1ee7y s\u1ea3n, nu\u00f4i bi\u1ec3n tr\u00ean c\u1ea3 n\u01b0\u1edbc, Super Tr\u01b0\u1eddng Ph\u00e1t \u0111\u01b0a ra c\u00e1c g\u00f3i gi\u1ea3i ph\u00e1p chuy\u1ec3n \u0111\u1ed5i nh\u1eb1m mang \u0111\u1ebfn cho ngh\u1ec1 nu\u00f4i bi\u1ec3n Vi\u1ec7t Nam s\u1ef1 ph\u00e1t tri\u1ec3n b\u1ec1n v\u1eefng theo h\u01b0\u1edbng c\u00f4ng nghi\u1ec7p h\u00f3a, t\u1ef1 \u0111\u1ed9ng h\u00f3a, b\u1ea3o v\u1ec7 m\u00f4i tr\u01b0\u1eddng, ph\u00e1t tri\u1ec3n kinh t\u1ebf \u0111a ng\u00e0nh.<\/p>\n<p>\u0110i c\u00f9ng c\u00e1c d\u1ef1 \u00e1n chuy\u1ec3n \u0111\u1ed5i v\u1eadt li\u1ec7u nu\u00f4i tr\u1ed3ng th\u1ee7y h\u1ea3i s\u1ea3n tr\u00ean c\u1ea3 n\u01b0\u1edbc, Super Tr\u01b0\u1eddng Ph\u00e1t lu\u00f4n l\u00e0 doanh nghi\u1ec7p ti\u00ean phong, k\u1ebft n\u1ed1i t\u1edbi c\u00e1c t\u1ec9nh, cung c\u1ea5p c\u00e1c s\u1ea3n ph\u1ea9m nu\u00f4i bi\u1ec3n \u0111\u1ea1t chu\u1ea9n \u0111\u1ecba ph\u01b0\u01a1ng, qu\u1ed1c gia v\u00e0 qu\u1ed1c t\u1ebf. C\u00e1c s\u1ea3n ph\u1ea9m Nu\u00f4i bi\u1ec3n mang nh\u00e3n hi\u1ec7u SuperPlas nh\u01b0: l\u1ed3ng n\u1ed5i HDPE, phao n\u1ed5i HDPE lu\u00f4n \u0111\u1ea3m b\u1ea3o ch\u1ea5t l\u01b0\u1ee3ng ph\u00f9 h\u1ee3p v\u1edbi ngh\u1ec1 Nu\u00f4i bi\u1ec3n c\u00f4ng nghi\u1ec7p t\u1ea1i Vi\u1ec7t Nam.<\/p>\n<p>Th\u00e1ng 12\/2020, C\u00f4ng ty C\u1ed5 ph\u1ea7n Nh\u1ef1a Super Tr\u01b0\u1eddng Ph\u00e1t l\u00e0 doanh nghi\u1ec7p \u0111\u1ea7u ti\u00ean \u0111\u01b0\u1ee3c c\u00f4ng b\u1ed1 h\u1ee3p quy QC\u0110P 08:2020\/QN, ti\u00eau chu\u1ea9n k\u1ef9 thu\u1eadt v\u1ec1 v\u1eadt li\u1ec7u s\u1eed d\u1ee5ng trong m\u00f4i tr\u01b0\u1eddng n\u01b0\u1edbc ng\u1ecdt, l\u1ee3 t\u1ea1i t\u1ec9nh Qu\u1ea3ng Ninh. T\u1ef1 h\u00e0o l\u00e0 doanh nghi\u1ec7p ti\u00ean phong \u0111\u1ed3ng h\u00e0nh v\u00e0 h\u1ed7 tr\u1ee3 c\u00f9ng c\u00e1c d\u1ef1 \u00e1n Nu\u00f4i bi\u1ec3n Vi\u1ec7t Nam, Super Tr\u01b0\u1eddng Ph\u00e1t gi\u1edbi thi\u1ec7u c\u00e1c s\u1ea3n ph\u1ea9m l\u1ed3ng nh\u1ef1a, phao n\u1ed5i HDPE \u0111\u1ea1t chu\u1ea9n, ch\u1ea5t l\u01b0\u1ee3ng cao. T\u1ec9nh Qu\u1ea3ng Ninh c\u00f3 th\u1ebf m\u1ea1nh v\u1ec1 du l\u1ecbch v\u00e0 nu\u00f4i tr\u1ed3ng th\u1ee7y s\u1ea3n k\u1ebft h\u1ee3p. Vi\u1ec7c chuy\u1ec3n \u0111\u1ed5i h\u00ecnh th\u1ee9c canh t\u00e1c tr\u00ean bi\u1ec3n c\u0169ng g\u00f3p ph\u1ea7n n\u00e2ng cao gi\u00e1 tr\u1ecb bi\u1ec3n v\u00e0 th\u1ea9m m\u1ef9 song h\u00e0nh v\u1edbi vi\u1ec7c kinh t\u1ebf b\u1ec1n v\u1eefng lu\u00f4n l\u00e0m b\u00e0n \u0111\u1ea1p \u0111\u1ec3 v\u01b0\u01a1n xa h\u01a1n.<\/p>\n<h2><strong>Xu h\u01b0\u1edbng cho nu\u00f4i bi\u1ec3n trong th\u1eddi gian t\u1edbi<\/strong><\/h2>\n<ul>\n<li>Ph\u00e1t tri\u1ec3n m\u00f4 h\u00ecnh nu\u00f4i bi\u1ec3n ph\u00e1t tri\u1ec3n b\u1ec1n v\u1eefng.<\/li>\n<li>T\u1eadn d\u1ee5ng di\u1ec7n t\u00edch bi\u1ec3n l\u1edbn: chuy\u1ec3n d\u1ecbch nu\u00f4i bi\u1ec3n xa b\u1edd.<\/li>\n<li>Chuy\u1ec3n \u0111\u1ed5i v\u1eadt li\u1ec7u nu\u00f4i bi\u1ec3n sang v\u1eadt li\u1ec7u b\u1ea3o v\u1ec7 m\u00f4i tr\u01b0\u1eddng.<\/li>\n<li>S\u1eed d\u1ee5ng c\u00e1c h\u1ec7 th\u1ed1ng nu\u00f4i bi\u1ec3n c\u00f4ng nghi\u1ec7p th\u00edch \u1ee9ng bi\u1ebfn \u0111\u1ed5i kh\u00ed h\u1eadu.<\/li>\n<li>S\u1eed d\u1ee5ng c\u00e1c h\u1ec7 th\u1ed1ng nu\u00f4i bi\u1ec3n ch\u1ed1ng ch\u1ecbu \u0111\u01b0\u1ee3c b\u00e3o l\u1edbn.<\/li>\n<li>S\u1eed d\u1ee5ng c\u00e1c h\u1ec7 th\u1ed1ng nu\u00f4i bi\u1ec3n t\u1ef1 \u0111\u1ed9ng h\u00f3a.<\/li>\n<li>Xu h\u01b0\u1edbng nu\u00f4i bi\u1ec3n c\u00f4ng nghi\u1ec7p \u0111a t\u1ea7ng t\u00edch h\u1ee3p.<\/li>\n<li>Xu h\u01b0\u1edbng nu\u00f4i bi\u1ec3n k\u1ebft h\u1ee3p du l\u1ecbch sinh th\u00e1i.<\/li>\n<\/ul>\n","protected":false},"excerpt":{"rendered":"<div class=\"woocommerce-product-details__short-description\">\n<p>Phao n\u1ed5i HDPE phi\u00ean b\u1ea3n m\u1edbi, n\u00e2ng c\u1ea5p nh\u00e3n hi\u1ec7u SuperPlas \u1ee9ng d\u1ee5ng cho nu\u00f4i h\u00e0u, nu\u00f4i nhuy\u1ec5n th\u1ec3. T\u1ea3i tr\u1ecdng d\u01b0\u1edbi n\u01b0\u1edbc khi treo l\u00ean \u0111\u1ebfn 80 kg. S\u1ea3n ph\u1ea9m h\u1ee3p quy \u0111\u1ea1t ti\u00eau chu\u1ea9n \u0111\u1ecba ph\u01b0\u01a1ng QN08 \u0111ang cung c\u1ea5p cho h\u01a1n 10 000 h\u1ed9 ng\u01b0 d\u00e2n tr\u00ean kh\u1eafp c\u1ea3 n\u01b0\u1edbc.<\/p>\n<\/div>\n<div class=\"box-qua-tang\"><\/div>\n","protected":false},"featured_media":7748,"comment_status":"closed","ping_status":"closed","template":"","meta":[],"product_cat":[16],"product_tag":[],"yoast_head":"<!-- This site is optimized with the Yoast SEO Premium plugin v14.9 - https:\/\/yoast.com\/wordpress\/plugins\/seo\/ -->\n<title>Phao n\u1ed5i nh\u1ef1a HDPE - C\u00f4ng Ty C\u1ed5 Ph\u1ea7n Nh\u1ef1a Super Tr\u01b0\u1eddng Ph\u00e1t<\/title>\n<meta name=\"robots\" content=\"index, follow, max-snippet:-1, max-image-preview:large, max-video-preview:-1\" \/>\n<link rel=\"canonical\" href=\"https:\/\/truongphatplastic.com.vn\/nuoi-bien\/sp\/phao-noi-nhua-hdpe\/\" \/>\n<meta property=\"og:locale\" content=\"vi_VN\" \/>\n<meta property=\"og:type\" content=\"article\" \/>\n<meta property=\"og:title\" content=\"Phao n\u1ed5i nh\u1ef1a HDPE - C\u00f4ng Ty C\u1ed5 Ph\u1ea7n Nh\u1ef1a Super Tr\u01b0\u1eddng Ph\u00e1t\" \/>\n<meta property=\"og:description\" content=\"Phao n\u1ed5i HDPE phi\u00ean b\u1ea3n m\u1edbi, n\u00e2ng c\u1ea5p nh\u00e3n hi\u1ec7u SuperPlas \u1ee9ng d\u1ee5ng cho nu\u00f4i h\u00e0u, nu\u00f4i nhuy\u1ec5n th\u1ec3. T\u1ea3i tr\u1ecdng d\u01b0\u1edbi n\u01b0\u1edbc khi treo l\u00ean \u0111\u1ebfn 80 kg. S\u1ea3n ph\u1ea9m h\u1ee3p quy \u0111\u1ea1t ti\u00eau chu\u1ea9n \u0111\u1ecba ph\u01b0\u01a1ng QN08 \u0111ang cung c\u1ea5p cho h\u01a1n 10 000 h\u1ed9 ng\u01b0 d\u00e2n tr\u00ean kh\u1eafp c\u1ea3 n\u01b0\u1edbc.\" \/>\n<meta property=\"og:url\" content=\"https:\/\/truongphatplastic.com.vn\/nuoi-bien\/sp\/phao-noi-nhua-hdpe\/\" \/>\n<meta property=\"og:site_name\" content=\"C\u00f4ng Ty C\u1ed5 Ph\u1ea7n Nh\u1ef1a Super Tr\u01b0\u1eddng Ph\u00e1t\" \/>\n<meta property=\"article:modified_time\" content=\"2023-06-01T04:32:41+00:00\" \/>\n<meta property=\"og:image\" content=\"https:\/\/truongphatplastic.com.vn\/nuoi-bien\/wp-content\/uploads\/2021\/08\/phao-bau-duc-hdpe.jpg\" \/>\n\t<meta property=\"og:image:width\" content=\"750\" \/>\n\t<meta property=\"og:image:height\" content=\"500\" \/>\n<meta name=\"twitter:card\" content=\"summary_large_image\" \/>\n<script type=\"application\/ld+json\" class=\"yoast-schema-graph\">{\"@context\":\"https:\/\/schema.org\",\"@graph\":[{\"@type\":\"WebSite\",\"@id\":\"https:\/\/truongphatplastic.com.vn\/nuoi-bien\/#website\",\"url\":\"https:\/\/truongphatplastic.com.vn\/nuoi-bien\/\",\"name\":\"C\\u00f4ng Ty C\\u1ed5 Ph\\u1ea7n Nh\\u1ef1a Super Tr\\u01b0\\u1eddng Ph\\u00e1t\",\"description\":\"\",\"potentialAction\":[{\"@type\":\"SearchAction\",\"target\":\"https:\/\/truongphatplastic.com.vn\/nuoi-bien\/?s={search_term_string}\",\"query-input\":\"required name=search_term_string\"}],\"inLanguage\":\"vi\"},{\"@type\":\"ImageObject\",\"@id\":\"https:\/\/truongphatplastic.com.vn\/nuoi-bien\/sp\/phao-noi-nhua-hdpe\/#primaryimage\",\"inLanguage\":\"vi\",\"url\":\"https:\/\/truongphatplastic.com.vn\/nuoi-bien\/wp-content\/uploads\/2021\/08\/phao-bau-duc-hdpe.jpg\",\"width\":750,\"height\":500},{\"@type\":\"WebPage\",\"@id\":\"https:\/\/truongphatplastic.com.vn\/nuoi-bien\/sp\/phao-noi-nhua-hdpe\/#webpage\",\"url\":\"https:\/\/truongphatplastic.com.vn\/nuoi-bien\/sp\/phao-noi-nhua-hdpe\/\",\"name\":\"Phao n\\u1ed5i nh\\u1ef1a HDPE - C\\u00f4ng Ty C\\u1ed5 Ph\\u1ea7n Nh\\u1ef1a Super Tr\\u01b0\\u1eddng Ph\\u00e1t\",\"isPartOf\":{\"@id\":\"https:\/\/truongphatplastic.com.vn\/nuoi-bien\/#website\"},\"primaryImageOfPage\":{\"@id\":\"https:\/\/truongphatplastic.com.vn\/nuoi-bien\/sp\/phao-noi-nhua-hdpe\/#primaryimage\"},\"datePublished\":\"2021-08-22T05:46:02+00:00\",\"dateModified\":\"2023-06-01T04:32:41+00:00\",\"breadcrumb\":{\"@id\":\"https:\/\/truongphatplastic.com.vn\/nuoi-bien\/sp\/phao-noi-nhua-hdpe\/#breadcrumb\"},\"inLanguage\":\"vi\",\"potentialAction\":[{\"@type\":\"ReadAction\",\"target\":[\"https:\/\/truongphatplastic.com.vn\/nuoi-bien\/sp\/phao-noi-nhua-hdpe\/\"]}]},{\"@type\":\"BreadcrumbList\",\"@id\":\"https:\/\/truongphatplastic.com.vn\/nuoi-bien\/sp\/phao-noi-nhua-hdpe\/#breadcrumb\",\"itemListElement\":[{\"@type\":\"ListItem\",\"position\":1,\"item\":{\"@type\":\"WebPage\",\"@id\":\"https:\/\/truongphatplastic.com.vn\/nuoi-bien\/\",\"url\":\"https:\/\/truongphatplastic.com.vn\/nuoi-bien\/\",\"name\":\"Home\"}},{\"@type\":\"ListItem\",\"position\":2,\"item\":{\"@type\":\"WebPage\",\"@id\":\"https:\/\/truongphatplastic.com.vn\/nuoi-bien\/san-pham\/\",\"url\":\"https:\/\/truongphatplastic.com.vn\/nuoi-bien\/san-pham\/\",\"name\":\"S\\u1ea3n ph\\u1ea9m\"}},{\"@type\":\"ListItem\",\"position\":3,\"item\":{\"@type\":\"WebPage\",\"@id\":\"https:\/\/truongphatplastic.com.vn\/nuoi-bien\/sp\/phao-noi-nhua-hdpe\/\",\"url\":\"https:\/\/truongphatplastic.com.vn\/nuoi-bien\/sp\/phao-noi-nhua-hdpe\/\",\"name\":\"Phao n\\u1ed5i nh\\u1ef1a HDPE\"}}]}]}<\/script>\n<!-- \/ Yoast SEO Premium plugin. -->","_links":{"self":[{"href":"https:\/\/truongphatplastic.com.vn\/nuoi-bien\/wp-json\/wp\/v2\/product\/7746"}],"collection":[{"href":"https:\/\/truongphatplastic.com.vn\/nuoi-bien\/wp-json\/wp\/v2\/product"}],"about":[{"href":"https:\/\/truongphatplastic.com.vn\/nuoi-bien\/wp-json\/wp\/v2\/types\/product"}],"replies":[{"embeddable":true,"href":"https:\/\/truongphatplastic.com.vn\/nuoi-bien\/wp-json\/wp\/v2\/comments?post=7746"}],"wp:featuredmedia":[{"embeddable":true,"href":"https:\/\/truongphatplastic.com.vn\/nuoi-bien\/wp-json\/wp\/v2\/media\/7748"}],"wp:attachment":[{"href":"https:\/\/truongphatplastic.com.vn\/nuoi-bien\/wp-json\/wp\/v2\/media?parent=7746"}],"wp:term":[{"taxonomy":"product_cat","embeddable":true,"href":"https:\/\/truongphatplastic.com.vn\/nuoi-bien\/wp-json\/wp\/v2\/product_cat?post=7746"},{"taxonomy":"product_tag","embeddable":true,"href":"https:\/\/truongphatplastic.com.vn\/nuoi-bien\/wp-json\/wp\/v2\/product_tag?post=7746"}],"curies":[{"name":"wp","href":"https:\/\/api.w.org\/{rel}","templated":true}]}}