{"id":6766,"date":"2021-08-15T21:16:30","date_gmt":"2021-08-15T14:16:30","guid":{"rendered":"https:\/\/demo.truongphatplastic.com.vn\/?page_id=6766"},"modified":"2021-08-15T21:16:30","modified_gmt":"2021-08-15T14:16:30","slug":"chinh-sach-doi-tra","status":"publish","type":"page","link":"https:\/\/truongphatplastic.com.vn\/nuoi-bien\/chinh-sach-doi-tra\/","title":{"rendered":"Ch\u00ednh s\u00e1ch \u0111\u1ed5i tr\u1ea3"},"content":{"rendered":"<p><strong>1 C\u00e1c tr\u01b0\u1eddng h\u1ee3p nh\u1eadn \u0111\u1ed5i tr\u1ea3 h\u00e0ng h\u00f3a khi h\u00e0ng l\u1ed7i<\/strong><br \/>\nC\u00e1c h\u00e0ng h\u00f3a b\u1ecb l\u1ed7i h\u1ecfng do nh\u00e0 s\u1ea3n xu\u1ea5t, \u0111\u01a1n v\u1ecb cung c\u1ea5p ph\u1ea3i \u0111\u1ed5i tr\u1ea3 h\u00e0ng h\u00f3a m\u1edbi trong v\u00f2ng 10 ng\u00e0y k\u1ec3 t\u1eeb ng\u00e0y nh\u1eadn h\u00e0ng (C\u0103n c\u1ee9 v\u00e0o bi\u00ean b\u1ea3n c\u00f3 x\u00e1c nh\u1eadn c\u1ee7a 02 b\u00ean)<\/p>\n<p><strong>2 C\u00e1c tr\u01b0\u1eddng h\u1ee3p nh\u1eadn \u0111\u1ed5i tr\u1ea3 h\u00e0ng h\u00f3a khi kh\u00e1ch h\u00e0ng kh\u00f4ng s\u1eed d\u1ee5ng h\u1ebft<\/strong><br \/>\n<strong>2.1 \u0110i\u1ec1u ki\u1ec7n nh\u1eadn tr\u1ea3 l\u1ea1i h\u00e0ng:<\/strong><br \/>\n\u2013 Nh\u1eadn h\u00e0ng t\u1ea1i nh\u00e0 m\u00e1y (Ho\u1eb7c VP c\u00f4ng ty)<br \/>\n\u2013 Kh\u00e1ch h\u00e0ng \u0111\u00e3 thanh to\u00e1n h\u1ebft c\u00f4ng n\u1ee3<br \/>\n\u2013 H\u00e0ng h\u00f3a c\u00f2n nguy\u00ean v\u1eb9n, ch\u01b0a qua s\u1eed d\u1ee5ng<br \/>\n<strong>2.2 Th\u1eddi gian nh\u1eadn l\u1ea1i h\u00e0ng tr\u1ea3 l\u1ea1i<\/strong>: K\u1ec3 t\u1eeb ng\u00e0y giao h\u00e0ng (C\u0103n c\u1ee9 v\u00e0o bi\u00ean b\u1ea3n c\u00f3 x\u00e1c nh\u1eadn c\u1ee7a 02 b\u00ean)<br \/>\n\u2013 Ph\u1ee5 ki\u1ec7n HDPE: Trong v\u00f2ng 15 \u2013 30ng\u00e0y (Kh\u00f4ng t\u00ednh Ph\u1ee5 ki\u1ec7n HDPE gia c\u00f4ng)<br \/>\n\u2013 Ph\u1ee5 ki\u1ec7n th\u00e9p (\u0110en, m\u1ea1), ph\u1ee5 ki\u1ec7n gang: Trong v\u00f2ng 15-20 ng\u00e0y<br \/>\n\u2013 Van Minh H\u00f2a v\u00e0 van c\u1ed5ng Trung Qu\u1ed1c, Malaisia: Trong v\u00f2ng 15 ng\u00e0y<br \/>\n\u2013 \u0110\u1ed3ng h\u1ed3 T-Flow: Trong v\u00f2ng 30 ng\u00e0y<br \/>\nGhi ch\u00fa: Nh\u1eefng ph\u1ee5 ki\u1ec7n kh\u00f4ng c\u00f3 trong danh m\u1ee5c nh\u1eadn tr\u1ea3 l\u1ea1i, c\u00f4ng ty kh\u00f4ng nh\u1eadn l\u1ea1i d\u01b0\u1edbi b\u1ea5t k\u1ef3 h\u00ecnh th\u1ee9c n\u00e0o.<\/p>\n","protected":false},"excerpt":{"rendered":"<p>1 C\u00e1c tr\u01b0\u1eddng h\u1ee3p nh\u1eadn \u0111\u1ed5i tr\u1ea3 h\u00e0ng h\u00f3a khi h\u00e0ng l\u1ed7i C\u00e1c h\u00e0ng h\u00f3a b\u1ecb l\u1ed7i h\u1ecfng do nh\u00e0 s\u1ea3n xu\u1ea5t, \u0111\u01a1n v\u1ecb cung c\u1ea5p ph\u1ea3i \u0111\u1ed5i tr\u1ea3 h\u00e0ng h\u00f3a m\u1edbi trong v\u00f2ng 10 ng\u00e0y k\u1ec3 t\u1eeb ng\u00e0y nh\u1eadn h\u00e0ng (C\u0103n c\u1ee9 v\u00e0o bi\u00ean b\u1ea3n c\u00f3 x\u00e1c nh\u1eadn c\u1ee7a 02 b\u00ean) 2 C\u00e1c tr\u01b0\u1eddng &hellip;<\/p>\n","protected":false},"author":1,"featured_media":0,"parent":0,"menu_order":0,"comment_status":"closed","ping_status":"closed","template":"","meta":[],"yoast_head":"<!-- This site is optimized with the Yoast SEO Premium plugin v14.9 - https:\/\/yoast.com\/wordpress\/plugins\/seo\/ -->\n<title>Ch\u00ednh s\u00e1ch \u0111\u1ed5i tr\u1ea3<\/title>\n<meta name=\"robots\" content=\"index, follow, max-snippet:-1, max-image-preview:large, max-video-preview:-1\" \/>\n<link rel=\"canonical\" href=\"https:\/\/truongphatplastic.com.vn\/nuoi-bien\/chinh-sach-doi-tra\/\" \/>\n<meta property=\"og:locale\" content=\"vi_VN\" \/>\n<meta property=\"og:type\" content=\"article\" \/>\n<meta property=\"og:title\" content=\"Ch\u00ednh s\u00e1ch \u0111\u1ed5i tr\u1ea3\" \/>\n<meta property=\"og:description\" content=\"1 C\u00e1c tr\u01b0\u1eddng h\u1ee3p nh\u1eadn \u0111\u1ed5i tr\u1ea3 h\u00e0ng h\u00f3a khi h\u00e0ng l\u1ed7i C\u00e1c h\u00e0ng h\u00f3a b\u1ecb l\u1ed7i h\u1ecfng do nh\u00e0 s\u1ea3n xu\u1ea5t, \u0111\u01a1n v\u1ecb cung c\u1ea5p ph\u1ea3i \u0111\u1ed5i tr\u1ea3 h\u00e0ng h\u00f3a m\u1edbi trong v\u00f2ng 10 ng\u00e0y k\u1ec3 t\u1eeb ng\u00e0y nh\u1eadn h\u00e0ng (C\u0103n c\u1ee9 v\u00e0o bi\u00ean b\u1ea3n c\u00f3 x\u00e1c nh\u1eadn c\u1ee7a 02 b\u00ean) 2 C\u00e1c tr\u01b0\u1eddng &hellip;\" \/>\n<meta property=\"og:url\" content=\"https:\/\/truongphatplastic.com.vn\/nuoi-bien\/chinh-sach-doi-tra\/\" \/>\n<meta property=\"og:site_name\" content=\"C\u00f4ng Ty C\u1ed5 Ph\u1ea7n Nh\u1ef1a Super Tr\u01b0\u1eddng Ph\u00e1t\" \/>\n<meta name=\"twitter:card\" content=\"summary_large_image\" \/>\n<script type=\"application\/ld+json\" class=\"yoast-schema-graph\">{\"@context\":\"https:\/\/schema.org\",\"@graph\":[{\"@type\":\"WebSite\",\"@id\":\"https:\/\/truongphatplastic.com.vn\/nuoi-bien\/#website\",\"url\":\"https:\/\/truongphatplastic.com.vn\/nuoi-bien\/\",\"name\":\"C\\u00f4ng Ty C\\u1ed5 Ph\\u1ea7n Nh\\u1ef1a Super Tr\\u01b0\\u1eddng Ph\\u00e1t\",\"description\":\"\",\"potentialAction\":[{\"@type\":\"SearchAction\",\"target\":\"https:\/\/truongphatplastic.com.vn\/nuoi-bien\/?s={search_term_string}\",\"query-input\":\"required name=search_term_string\"}],\"inLanguage\":\"vi\"},{\"@type\":\"WebPage\",\"@id\":\"https:\/\/truongphatplastic.com.vn\/nuoi-bien\/chinh-sach-doi-tra\/#webpage\",\"url\":\"https:\/\/truongphatplastic.com.vn\/nuoi-bien\/chinh-sach-doi-tra\/\",\"name\":\"Ch\\u00ednh s\\u00e1ch \\u0111\\u1ed5i tr\\u1ea3\",\"isPartOf\":{\"@id\":\"https:\/\/truongphatplastic.com.vn\/nuoi-bien\/#website\"},\"datePublished\":\"2021-08-15T14:16:30+00:00\",\"dateModified\":\"2021-08-15T14:16:30+00:00\",\"breadcrumb\":{\"@id\":\"https:\/\/truongphatplastic.com.vn\/nuoi-bien\/chinh-sach-doi-tra\/#breadcrumb\"},\"inLanguage\":\"vi\",\"potentialAction\":[{\"@type\":\"ReadAction\",\"target\":[\"https:\/\/truongphatplastic.com.vn\/nuoi-bien\/chinh-sach-doi-tra\/\"]}]},{\"@type\":\"BreadcrumbList\",\"@id\":\"https:\/\/truongphatplastic.com.vn\/nuoi-bien\/chinh-sach-doi-tra\/#breadcrumb\",\"itemListElement\":[{\"@type\":\"ListItem\",\"position\":1,\"item\":{\"@type\":\"WebPage\",\"@id\":\"https:\/\/truongphatplastic.com.vn\/nuoi-bien\/\",\"url\":\"https:\/\/truongphatplastic.com.vn\/nuoi-bien\/\",\"name\":\"Home\"}},{\"@type\":\"ListItem\",\"position\":2,\"item\":{\"@type\":\"WebPage\",\"@id\":\"https:\/\/truongphatplastic.com.vn\/nuoi-bien\/chinh-sach-doi-tra\/\",\"url\":\"https:\/\/truongphatplastic.com.vn\/nuoi-bien\/chinh-sach-doi-tra\/\",\"name\":\"Ch\\u00ednh s\\u00e1ch \\u0111\\u1ed5i tr\\u1ea3\"}}]}]}<\/script>\n<!-- \/ Yoast SEO Premium plugin. -->","_links":{"self":[{"href":"https:\/\/truongphatplastic.com.vn\/nuoi-bien\/wp-json\/wp\/v2\/pages\/6766"}],"collection":[{"href":"https:\/\/truongphatplastic.com.vn\/nuoi-bien\/wp-json\/wp\/v2\/pages"}],"about":[{"href":"https:\/\/truongphatplastic.com.vn\/nuoi-bien\/wp-json\/wp\/v2\/types\/page"}],"author":[{"embeddable":true,"href":"https:\/\/truongphatplastic.com.vn\/nuoi-bien\/wp-json\/wp\/v2\/users\/1"}],"replies":[{"embeddable":true,"href":"https:\/\/truongphatplastic.com.vn\/nuoi-bien\/wp-json\/wp\/v2\/comments?post=6766"}],"version-history":[{"count":1,"href":"https:\/\/truongphatplastic.com.vn\/nuoi-bien\/wp-json\/wp\/v2\/pages\/6766\/revisions"}],"predecessor-version":[{"id":6767,"href":"https:\/\/truongphatplastic.com.vn\/nuoi-bien\/wp-json\/wp\/v2\/pages\/6766\/revisions\/6767"}],"wp:attachment":[{"href":"https:\/\/truongphatplastic.com.vn\/nuoi-bien\/wp-json\/wp\/v2\/media?parent=6766"}],"curies":[{"name":"wp","href":"https:\/\/api.w.org\/{rel}","templated":true}]}}