{"id":6682,"date":"2021-08-13T20:48:34","date_gmt":"2021-08-13T13:48:34","guid":{"rendered":"https:\/\/demo.truongphatplastic.com.vn\/?page_id=6682"},"modified":"2021-09-16T08:12:26","modified_gmt":"2021-09-16T01:12:26","slug":"gioi-thieu","status":"publish","type":"page","link":"https:\/\/truongphatplastic.com.vn\/nuoi-bien\/gioi-thieu\/","title":{"rendered":"Gi\u1edbi thi\u1ec7u"},"content":{"rendered":"[vc_row full_width=&#8221;stretch_row&#8221; el_class=&#8221;slider-home-ws&#8221; el_id=&#8221;tong-quan&#8221; css=&#8221;.vc_custom_1629127008803{padding-top: 25px !important;padding-bottom: 25px !important;background-color: #f5f5f5 !important;}&#8221;][vc_column width=&#8221;2\/3&#8243; el_class=&#8221;tong-quan-right-col&#8221;][vc_column_text css_animation=&#8221;none&#8221; css=&#8221;.vc_custom_1629525560845{margin-top: 0px !important;}&#8221; el_class=&#8221;tong-quan-left&#8221;]\n<h2>SUPERPLAS<\/h2>\n<h3><strong>C\u00d4NG TY C\u1ed4 PH\u1ea6N NH\u1ef0A SUPER TR\u01af\u1edcNG PH\u00c1T<\/strong><\/h3>\n<p style=\"text-align: justify;\">Qua 10 n\u0103m h\u00ecnh th\u00e0nh v\u00e0 ph\u00e1t tri\u1ec3n, C\u00f4ng ty C\u1ed5 ph\u1ea7n Nh\u1ef1a Super Tr\u01b0\u1eddng Ph\u00e1t l\u00e0 m\u1ed9t trong nh\u1eefng c\u00f4ng ty c\u00f3 b\u01b0\u1edbc \u0111i ti\u00ean phong trong l\u0129nh v\u1ef1c s\u1ea3n xu\u1ea5t v\u00e0 cung c\u1ea5p c\u00e1c s\u1ea3n ph\u1ea9m bao g\u1ed3m: \u1ed0ng v\u00e0 ph\u1ee5 ki\u1ec7n nh\u1ef1a HDPE, uPVC, PPR; c\u00e1c s\u1ea3n ph\u1ea9m nu\u00f4i bi\u1ec3n t\u1eeb nh\u1ef1a HDPE \u0111\u1eb7c ch\u1ee7ng nh\u01b0 l\u1ed3ng n\u1ed5i HDPE, phao n\u1ed5i HDPE, gi\u00e0n n\u1ed5i HDPE, l\u01b0\u1edbi nh\u1ef1a HDPE\u2026<\/p>\n<p style=\"text-align: justify;\">S\u1ea3n ph\u1ea9m \u1ed1ng v\u00e0 ph\u1ee5 ki\u1ec7n c\u1ee7a c\u00f4ng ty ch\u00fang t\u00f4i chuy\u00ean cung c\u1ea5p cho c\u00e1c l\u0129nh v\u1ef1c: C\u1ea5p tho\u00e1t n\u01b0\u1edbc, X\u00e2y d\u1ef1ng h\u1ea1 t\u1ea7ng, n\u00f4ng nghi\u1ec7p, nu\u00f4i tr\u1ed3ng th\u1ee7y s\u1ea3n, ph\u00f2ng ch\u00e1y ch\u1eefa ch\u00e1y, \u0111i\u1ec7n l\u1ef1c, khai kho\u00e1ng v\u00e0 truy\u1ec1n t\u1ea3i h\u00fat c\u00e1t\u2026<\/p>\n<p style=\"text-align: justify;\">S\u1ea3n ph\u1ea9m l\u1ed3ng n\u1ed5i, phao n\u1ed5i, gi\u00e0n n\u1ed5i, v\u00e0 l\u01b0\u1edbi HDPE SuperPlas hi\u1ec7n \u0111ang cung c\u1ea5p t\u1edbi c\u00e1c d\u1ef1 \u00e1n Nu\u00f4i tr\u1ed3ng th\u1ee7y s\u1ea3n, Nu\u00f4i bi\u1ec3n b\u1ec1n v\u1eefng tr\u00ean kh\u1eafp c\u1ea3 n\u01b0\u1edbc.<\/p>\n[\/vc_column_text][\/vc_column][vc_column width=&#8221;1\/3&#8243; el_class=&#8221;tong-quan-right-col&#8221;][vc_single_image image=&#8221;6715&#8243; alignment=&#8221;center&#8221; css_animation=&#8221;fadeInRight&#8221; el_class=&#8221;tong-quan-right-img&#8221; css=&#8221;.vc_custom_1629525581045{border-radius: 10px !important;}&#8221; el_id=&#8221;tong-quan-right-img&#8221;][\/vc_column][\/vc_row][vc_row full_width=&#8221;stretch_row&#8221; css=&#8221;.vc_custom_1631525501887{padding-top: 35px !important;background-color: #dfdfdf !important;}&#8221;][vc_column]<div class=\"box-item-webseo style-2 box-gioithieu-img-left\" id=\"\"><div class=\"img-box text-center\"><img width=\"570\" height=\"380\" src=\"https:\/\/truongphatplastic.com.vn\/nuoi-bien\/wp-content\/uploads\/2021\/08\/triet-ly-kinh-doanh.jpg\" class=\"attachment-full size-full\" alt=\"\" loading=\"lazy\" \/><\/div><div class=\"box-item-webseo-left\"><h3 class=\"title-box\">S\u1ee8 M\u1ec6NH<\/h3><div class=\"caption-box\"><p><em>&#8220;Chung tay x\u00e2y d\u1ef1ng v\u00e0 b\u1ea3o v\u1ec7 m\u00f4i tr\u01b0\u1eddng xanh&#8221;<\/em><\/p>\n<p>Super Tr\u01b0\u1eddng Ph\u00e1t cam k\u1ebft mang \u0111\u1ebfn cho th\u1ecb tr\u01b0\u1eddng d\u00f2ng s\u1ea3n ph\u1ea9m t\u1eeb nh\u1ef1a HDPE v\u1edbi ch\u1ea5t l\u01b0\u1ee3ng cao c\u1ea5p h\u00e0ng \u0111\u1ea7u, gi\u1ea3i ph\u00e1p \u01b0u vi\u1ec7t, th\u00e2n thi\u1ec7n m\u00f4i tr\u01b0\u1eddng b\u1eb1ng ch\u00ednh s\u1ef1 tr\u00e2n tr\u1ecdng, t\u00ecnh y\u00eau v\u00e0 tr\u00e1ch nhi\u1ec7m v\u1edbi x\u00e3 h\u1ed9i.<\/p>\n<\/div><\/div><\/div><div class=\"box-item-webseo style-2 box-gioithieu-img-left box-gioithieu-img-right\" id=\"\"><div class=\"img-box text-center\"><img width=\"570\" height=\"380\" src=\"https:\/\/truongphatplastic.com.vn\/nuoi-bien\/wp-content\/uploads\/2021\/08\/thanh-tich-dat-duoc.jpg\" class=\"attachment-full size-full\" alt=\"\" loading=\"lazy\" \/><\/div><div class=\"box-item-webseo-left\"><h3 class=\"title-box\">T\u1ea6M NH\u00ccN<\/h3><div class=\"caption-box\"><p><em>&#8220;Tr\u1edf th\u00e0nh 01 trong 05 doanh nghi\u1ec7p \u0111\u1ee9ng \u0111\u1ea7u trong ng\u00e0nh nh\u1ef1a Vi\u1ec7t Nam&#8221;<\/em><\/p>\n<p>L\u00e0 doanh nghi\u1ec7p ti\u00ean phong \u0111\u01b0a c\u00e1c \u1ee9ng d\u1ee5ng t\u1eeb nh\u1ef1a HDPE v\u00e0 c\u00f4ng ngh\u1ec7 ti\u00ean ti\u1ebfn c\u1ee7a Th\u1ebf gi\u1edbi v\u00e0o c\u00e1c ng\u00e0nh ngh\u1ec1 tr\u1ecdng \u0111i\u1ec3m nh\u01b0 n\u00f4ng nghi\u1ec7p, l\u00e2m nghi\u1ec7p, x\u00e2y d\u1ef1ng, du l\u1ecbch\u2026 Ch\u00fang t\u00f4i l\u00e0 doanh nghi\u1ec7p uy t\u00edn h\u00e0ng \u0111\u1ea7u v\u1ec1 b\u1ea3o v\u1ec7 m\u00f4i tr\u01b0\u1eddng.<\/p>\n<\/div><\/div><\/div><div class=\"box-item-webseo style-2 box-gioithieu-img-left\" id=\"\"><div class=\"img-box text-center\"><img width=\"778\" height=\"810\" src=\"https:\/\/truongphatplastic.com.vn\/nuoi-bien\/wp-content\/uploads\/2021\/09\/ezgif-3-11f64a217dfc.png\" class=\"attachment-full size-full\" alt=\"\" loading=\"lazy\" srcset=\"https:\/\/truongphatplastic.com.vn\/nuoi-bien\/wp-content\/uploads\/2021\/09\/ezgif-3-11f64a217dfc.png 778w, https:\/\/truongphatplastic.com.vn\/nuoi-bien\/wp-content\/uploads\/2021\/09\/ezgif-3-11f64a217dfc-600x625.png 600w\" sizes=\"(max-width: 778px) 100vw, 778px\" \/><\/div><div class=\"box-item-webseo-left\"><h3 class=\"title-box\">GI\u00c1 TR\u1eca C\u1ed0T L\u00d5I<\/h3><div class=\"caption-box\"><p style=\"text-align: justify;\"><em>&#8220;X\u00e2y d\u1ef1ng c\u1ed9ng \u0111\u1ed3ng <\/em><em>nh\u1eefng <\/em><em>con ng\u01b0\u1eddi <\/em><em>kh\u00e1c bi\u1ec7t v\u00e0 <\/em><em>t\u1eed t\u1ebf&#8221;<\/em><\/p>\n<ol style=\"text-align: justify;\">\n<li>T\u00edch c\u1ef1c: T\u01b0 duy t\u00edch c\u1ef1c, th\u00e1i \u0111\u1ed9 t\u00edch c\u1ef1c, h\u00e0nh \u0111\u1ed9ng t\u00edch c\u1ef1c<\/li>\n<\/ol>\n<p style=\"text-align: justify;\"><em>\u201cNgh\u0129 t\u00edch c\u1ef1c, n\u00f3i t\u00edch c\u1ef1c, l\u00e0m t\u00edch c\u1ef1c\u201d<\/em><\/p>\n<ol start=\"2\">\n<li style=\"text-align: justify;\">Ch\u00ednh tr\u1ef1c: \u0110\u1ec1 cao s\u1ef1 th\u1eb3ng th\u1eafn trong c\u00f4ng vi\u1ec7c, trung th\u1ef1c v\u00e0 \u0111\u1ea1o \u0111\u1ee9c trong kinh doanh. B\u1ea3o v\u1ec7 l\u1ee3i \u00edch c\u1ee7a kh\u00e1ch h\u00e0ng, gi\u1eef v\u1eefng uy t\u00edn c\u00f4ng ty.<\/li>\n<li style=\"text-align: justify;\">T\u1eadn t\u00e2m: H\u0103ng say c\u1ed1ng hi\u1ebfn cho m\u1ee5c \u0111\u00edch chung, c\u00f9ng nhau chia s\u1ebb &#8211; ph\u00e1t tri\u1ec3n, x\u00e2y d\u1ef1ng t\u1eadp th\u1ec3 v\u1eefng m\u1ea1nh v\u00e0 h\u1ea1nh ph\u00fac.<\/li>\n<li style=\"text-align: justify;\">Tr\u00ed tu\u1ec7: M\u1ed7i c\u00e1 nh\u00e2n c\u1ea7n duy tr\u00ec \u00fd th\u1ee9c kh\u00f4ng ng\u1eebng h\u1ecdc h\u1ecfi v\u00e0 chia s\u1ebb, ch\u1ee7 \u0111\u1ed9ng c\u1eadp nh\u1eadt t\u01b0 duy, ki\u1ebfn th\u1ee9c m\u1edbi \u0111\u1ec3 ho\u00e0n thi\u1ec7n b\u1ea3n th\u00e2n v\u00e0 x\u00e2y d\u1ef1ng t\u1ed5 ch\u1ee9c.<\/li>\n<li style=\"text-align: justify;\">Tr\u00e1ch nhi\u1ec7m: N\u00eau cao tinh th\u1ea7n v\u00e0 \u00fd th\u1ee9c tr\u00e1ch nhi\u1ec7m trong ho\u1ea1t \u0111\u1ed9ng s\u1ea3n xu\u1ea5t v\u00e0 kinh doanh. M\u1ed7i th\u00e0nh vi\u00ean lu\u00f4n cam k\u1ebft g\u00f3p ph\u1ea7n \u0111\u1ec3 mang t\u1edbi th\u1ecb tr\u01b0\u1eddng nh\u1eefng s\u1ea3n ph\u1ea9m ch\u1ea5t l\u01b0\u1ee3ng v\u00e0 gi\u1ea3i ph\u00e1p \u01b0u vi\u1ec7t. C\u00f9ng nhau x\u00e2y d\u1ef1ng m\u1ed9t c\u1ed9ng \u0111\u1ed9ng t\u1eed t\u1ebf, s\u1eb5n l\u00f2ng chung tay, chia s\u1ebb v\u00e0 g\u00e1nh v\u00e1c tr\u00e1ch nhi\u1ec7m v\u1edbi x\u00e3 h\u1ed9i v\u00ec m\u1ed9t t\u01b0\u01a1ng lai t\u01b0\u01a1i s\u00e1ng.<\/li>\n<\/ol>\n<\/div><\/div><\/div>[vc_empty_space][\/vc_column][\/vc_row][vc_row full_width=&#8221;stretch_row&#8221; disable_element=&#8221;yes&#8221; css=&#8221;.vc_custom_1631525472572{padding-top: 44px !important;padding-bottom: 44px !important;background-color: #eae8e8 !important;background-position: center !important;background-repeat: no-repeat !important;background-size: cover !important;}&#8221; el_class=&#8221;tamnhin-sumenh&#8221;][vc_column width=&#8221;1\/3&#8243; css=&#8221;.vc_custom_1611886833351{margin-bottom: 25px !important;}&#8221;][vc_single_image image=&#8221;6790&#8243; alignment=&#8221;center&#8221; onclick=&#8221;zoom&#8221; css_animation=&#8221;fadeInLeft&#8221; el_class=&#8221;tong-quan-right-img&#8221; css=&#8221;.vc_custom_1629525594686{border-radius: 10px !important;}&#8221;][vc_column_text css_animation=&#8221;fadeInLeft&#8221; el_class=&#8221;tamnhin-sumenh-item-full&#8221;]\n<h2>S\u1ee8 M\u1ec6NH<\/h2>\n<p>S\u1ea3n xu\u1ea5t v\u00e0 ph\u00e2n ph\u1ed1i, mang \u0111\u1ebfn d\u00f2ng s\u1ea3n ph\u1ea9m t\u1eeb nh\u1ef1a HDPE c\u00f3 ch\u1ea5t l\u01b0\u1ee3ng cao, \u0111\u1ea3m b\u1ea3o an to\u00e0n cho ng\u01b0\u1eddi s\u1eed d\u1ee5ng v\u00e0 th\u00e2n thi\u1ec7n v\u1edbi m\u00f4i tr\u01b0\u1eddng.[\/vc_column_text][\/vc_column][vc_column width=&#8221;1\/3&#8243; css=&#8221;.vc_custom_1611886839254{margin-bottom: 25px !important;}&#8221;][vc_single_image image=&#8221;6788&#8243; alignment=&#8221;center&#8221; onclick=&#8221;zoom&#8221; css_animation=&#8221;fadeIn&#8221; el_class=&#8221;tong-quan-right-img&#8221; css=&#8221;.vc_custom_1629525611638{border-radius: 10px !important;}&#8221;][vc_column_text css_animation=&#8221;fadeIn&#8221; el_class=&#8221;tamnhin-sumenh-item-full&#8221;]\n<h2>T\u1ea6M NH\u00ccN<\/h2>\n<p>X\u00e2y d\u1ef1ng th\u01b0\u01a1ng hi\u1ec7u Nh\u1ef1a Super Tr\u01b0\u1eddng Ph\u00e1t mang nh\u00e3n hi\u1ec7u SuperPlas tr\u1edf th\u00e0nh doanh nghi\u1ec7p top 5 c\u1ea3 n\u01b0\u1edbc trong ng\u00e0nh c\u00f4ng nghi\u1ec7p nh\u1ef1a, h\u01b0\u1edbng t\u1edbi h\u00e0ng \u0111\u1ea7u c\u1ea3 n\u01b0\u1edbc v\u00e0 v\u01b0\u01a1n t\u1ea7m qu\u1ed1c t\u1ebf.[\/vc_column_text][\/vc_column][vc_column width=&#8221;1\/3&#8243; css=&#8221;.vc_custom_1611886844987{margin-bottom: 25px !important;}&#8221;][vc_single_image image=&#8221;6789&#8243; alignment=&#8221;center&#8221; onclick=&#8221;zoom&#8221; css_animation=&#8221;fadeIn&#8221; el_class=&#8221;tong-quan-right-img&#8221; css=&#8221;.vc_custom_1629525624854{border-radius: 10px !important;}&#8221;][vc_column_text css_animation=&#8221;fadeIn&#8221; el_class=&#8221;tamnhin-sumenh-item-full&#8221;]\n<h2>GI\u00c1 TR\u1eca C\u1ed0T L\u00d5I<\/h2>\n<p>Kh\u00e1ch h\u00e0ng l\u00e0 trung t\u00e2m m\u1ecdi ho\u1ea1t \u0111\u1ed9ng c\u1ee7a Nh\u1ef1a Super Tr\u01b0\u1eddng Ph\u00e1t. S\u1ea3n ph\u1ea9m, d\u1ecbch v\u1ee5 uy t\u00edn v\u00e0 ch\u1ea5t l\u01b0\u1ee3ng l\u00e0 \u01b0u ti\u00ean h\u00e0ng \u0111\u1ea7u. Tr\u00e1ch nhi\u1ec7m v\u1edbi ng\u01b0\u1eddi lao \u0111\u1ed9ng v\u00e0 c\u1ed9ng \u0111\u1ed3ng x\u00e3 h\u1ed9i.[\/vc_column_text][\/vc_column][\/vc_row]\n","protected":false},"excerpt":{"rendered":"<p> SUPERPLAS C\u00d4NG TY C\u1ed4 PH\u1ea6N NH\u1ef0A SUPER TR\u01af\u1edcNG PH\u00c1T Qua 10 n\u0103m h\u00ecnh th\u00e0nh v\u00e0 ph\u00e1t tri\u1ec3n, C\u00f4ng ty C\u1ed5 ph\u1ea7n Nh\u1ef1a Super Tr\u01b0\u1eddng Ph\u00e1t l\u00e0 m\u1ed9t trong nh\u1eefng c\u00f4ng ty c\u00f3 b\u01b0\u1edbc \u0111i ti\u00ean phong trong &hellip;<\/p>\n","protected":false},"author":1,"featured_media":0,"parent":0,"menu_order":0,"comment_status":"closed","ping_status":"closed","template":"","meta":[],"yoast_head":"<!-- This site is optimized with the Yoast SEO Premium plugin v14.9 - https:\/\/yoast.com\/wordpress\/plugins\/seo\/ -->\n<title>Gi\u1edbi thi\u1ec7u<\/title>\n<meta name=\"robots\" content=\"index, follow, max-snippet:-1, max-image-preview:large, max-video-preview:-1\" \/>\n<link rel=\"canonical\" href=\"https:\/\/truongphatplastic.com.vn\/nuoi-bien\/gioi-thieu\/\" \/>\n<meta property=\"og:locale\" content=\"vi_VN\" \/>\n<meta property=\"og:type\" content=\"article\" \/>\n<meta property=\"og:title\" content=\"Gi\u1edbi thi\u1ec7u\" \/>\n<meta property=\"og:description\" content=\"SUPERPLAS C\u00d4NG TY C\u1ed4 PH\u1ea6N NH\u1ef0A SUPER TR\u01af\u1edcNG PH\u00c1T Qua 10 n\u0103m h\u00ecnh th\u00e0nh v\u00e0 ph\u00e1t tri\u1ec3n, C\u00f4ng ty C\u1ed5 ph\u1ea7n Nh\u1ef1a Super Tr\u01b0\u1eddng Ph\u00e1t l\u00e0 m\u1ed9t trong nh\u1eefng c\u00f4ng ty c\u00f3 b\u01b0\u1edbc \u0111i ti\u00ean phong trong &hellip;\" \/>\n<meta property=\"og:url\" content=\"https:\/\/truongphatplastic.com.vn\/nuoi-bien\/gioi-thieu\/\" \/>\n<meta property=\"og:site_name\" content=\"C\u00f4ng Ty C\u1ed5 Ph\u1ea7n Nh\u1ef1a Super Tr\u01b0\u1eddng Ph\u00e1t\" \/>\n<meta property=\"article:modified_time\" content=\"2021-09-16T01:12:26+00:00\" \/>\n<meta name=\"twitter:card\" content=\"summary_large_image\" \/>\n<script type=\"application\/ld+json\" class=\"yoast-schema-graph\">{\"@context\":\"https:\/\/schema.org\",\"@graph\":[{\"@type\":\"WebSite\",\"@id\":\"https:\/\/truongphatplastic.com.vn\/nuoi-bien\/#website\",\"url\":\"https:\/\/truongphatplastic.com.vn\/nuoi-bien\/\",\"name\":\"C\\u00f4ng Ty C\\u1ed5 Ph\\u1ea7n Nh\\u1ef1a Super Tr\\u01b0\\u1eddng Ph\\u00e1t\",\"description\":\"\",\"potentialAction\":[{\"@type\":\"SearchAction\",\"target\":\"https:\/\/truongphatplastic.com.vn\/nuoi-bien\/?s={search_term_string}\",\"query-input\":\"required name=search_term_string\"}],\"inLanguage\":\"vi\"},{\"@type\":\"WebPage\",\"@id\":\"https:\/\/truongphatplastic.com.vn\/nuoi-bien\/gioi-thieu\/#webpage\",\"url\":\"https:\/\/truongphatplastic.com.vn\/nuoi-bien\/gioi-thieu\/\",\"name\":\"Gi\\u1edbi thi\\u1ec7u\",\"isPartOf\":{\"@id\":\"https:\/\/truongphatplastic.com.vn\/nuoi-bien\/#website\"},\"datePublished\":\"2021-08-13T13:48:34+00:00\",\"dateModified\":\"2021-09-16T01:12:26+00:00\",\"breadcrumb\":{\"@id\":\"https:\/\/truongphatplastic.com.vn\/nuoi-bien\/gioi-thieu\/#breadcrumb\"},\"inLanguage\":\"vi\",\"potentialAction\":[{\"@type\":\"ReadAction\",\"target\":[\"https:\/\/truongphatplastic.com.vn\/nuoi-bien\/gioi-thieu\/\"]}]},{\"@type\":\"BreadcrumbList\",\"@id\":\"https:\/\/truongphatplastic.com.vn\/nuoi-bien\/gioi-thieu\/#breadcrumb\",\"itemListElement\":[{\"@type\":\"ListItem\",\"position\":1,\"item\":{\"@type\":\"WebPage\",\"@id\":\"https:\/\/truongphatplastic.com.vn\/nuoi-bien\/\",\"url\":\"https:\/\/truongphatplastic.com.vn\/nuoi-bien\/\",\"name\":\"Home\"}},{\"@type\":\"ListItem\",\"position\":2,\"item\":{\"@type\":\"WebPage\",\"@id\":\"https:\/\/truongphatplastic.com.vn\/nuoi-bien\/gioi-thieu\/\",\"url\":\"https:\/\/truongphatplastic.com.vn\/nuoi-bien\/gioi-thieu\/\",\"name\":\"Gi\\u1edbi thi\\u1ec7u\"}}]}]}<\/script>\n<!-- \/ Yoast SEO Premium plugin. -->","_links":{"self":[{"href":"https:\/\/truongphatplastic.com.vn\/nuoi-bien\/wp-json\/wp\/v2\/pages\/6682"}],"collection":[{"href":"https:\/\/truongphatplastic.com.vn\/nuoi-bien\/wp-json\/wp\/v2\/pages"}],"about":[{"href":"https:\/\/truongphatplastic.com.vn\/nuoi-bien\/wp-json\/wp\/v2\/types\/page"}],"author":[{"embeddable":true,"href":"https:\/\/truongphatplastic.com.vn\/nuoi-bien\/wp-json\/wp\/v2\/users\/1"}],"replies":[{"embeddable":true,"href":"https:\/\/truongphatplastic.com.vn\/nuoi-bien\/wp-json\/wp\/v2\/comments?post=6682"}],"version-history":[{"count":1,"href":"https:\/\/truongphatplastic.com.vn\/nuoi-bien\/wp-json\/wp\/v2\/pages\/6682\/revisions"}],"predecessor-version":[{"id":7993,"href":"https:\/\/truongphatplastic.com.vn\/nuoi-bien\/wp-json\/wp\/v2\/pages\/6682\/revisions\/7993"}],"wp:attachment":[{"href":"https:\/\/truongphatplastic.com.vn\/nuoi-bien\/wp-json\/wp\/v2\/media?parent=6682"}],"curies":[{"name":"wp","href":"https:\/\/api.w.org\/{rel}","templated":true}]}}