{"id":2,"date":"2021-08-10T04:22:09","date_gmt":"2021-08-10T04:22:09","guid":{"rendered":"https:\/\/truongphatplastic.com.vn\/nuoi-bien\/?page_id=2"},"modified":"2021-08-22T15:44:02","modified_gmt":"2021-08-22T08:44:02","slug":"trang-mau","status":"publish","type":"page","link":"https:\/\/truongphatplastic.com.vn\/nuoi-bien\/","title":{"rendered":"Trang M\u1eabu"},"content":{"rendered":"[vc_row full_width=&#8221;stretch_row_content_no_spaces&#8221;][vc_column]<div id=\"webseo-slider\"><div id=\"carouselExampleIndicators\" class=\"carousel slide\" data-ride=\"carousel\"><div class=\"carousel-inner\"><div class=\"carousel-item active\"><a href=\"https:\/\/truongphatplastic.com.vn\/nuoi-bien\/sp\/phao-noi-nhua-hdpe\/\"><div class=\"hinhmo\"><\/div><div class=\"zoom-in-zoom-out\"><img width=\"1831\" height=\"781\" src=\"https:\/\/truongphatplastic.com.vn\/nuoi-bien\/wp-content\/uploads\/2021\/08\/slider3-1.jpg\" class=\"attachment-full size-full\" alt=\"\" loading=\"lazy\" srcset=\"https:\/\/truongphatplastic.com.vn\/nuoi-bien\/wp-content\/uploads\/2021\/08\/slider3-1.jpg 1831w, https:\/\/truongphatplastic.com.vn\/nuoi-bien\/wp-content\/uploads\/2021\/08\/slider3-1-600x256.jpg 600w, https:\/\/truongphatplastic.com.vn\/nuoi-bien\/wp-content\/uploads\/2021\/08\/slider3-1-1536x655.jpg 1536w\" sizes=\"(max-width: 1831px) 100vw, 1831px\" \/><\/div><\/a><h3 class=\"title-box wpb_fadeInUpBig fadeInUpBig wpb_start_animation animated\">PHAO N\u1ed4I HDPE<\/h3><div class=\"mota wpb_fadeInDownBig fadeInDownBig wpb_start_animation animated\">Nh\u00e0 s\u1ea3n xu\u1ea5t v\u00e0 ph\u00e2n ph\u1ed1i phao n\u1ed5i nh\u1ef1a HDPE nu\u00f4i h\u00e0u, nu\u00f4i nhuy\u1ec5n th\u1ec3 \u0111\u1ea1t chu\u1ea9n h\u1ee3p quy \u0111\u1ecba ph\u01b0\u01a1ng<\/div><div class=\"xemchitiet wpb_animate_when_almost_visible wpb_rollIn rollIn wpb_start_animation animated\"><a href=\"https:\/\/truongphatplastic.com.vn\/nuoi-bien\/sp\/phao-noi-nhua-hdpe\/\">Xem chi ti\u1ebft<\/a><\/div><\/div><div class=\"carousel-item\"><a href=\"https:\/\/truongphatplastic.com.vn\/nuoi-bien\/sp\/long-noi-nhua-hdpe-nuoi-ca\/\"><div class=\"hinhmo\"><\/div><div class=\"zoom-in-zoom-out\"><img width=\"1920\" height=\"818\" src=\"https:\/\/truongphatplastic.com.vn\/nuoi-bien\/wp-content\/uploads\/2021\/08\/slider-long-noi.jpg\" class=\"attachment-full size-full\" alt=\"\" loading=\"lazy\" srcset=\"https:\/\/truongphatplastic.com.vn\/nuoi-bien\/wp-content\/uploads\/2021\/08\/slider-long-noi.jpg 1920w, https:\/\/truongphatplastic.com.vn\/nuoi-bien\/wp-content\/uploads\/2021\/08\/slider-long-noi-1536x654.jpg 1536w, https:\/\/truongphatplastic.com.vn\/nuoi-bien\/wp-content\/uploads\/2021\/08\/slider-long-noi-600x256.jpg 600w\" sizes=\"(max-width: 1920px) 100vw, 1920px\" \/><\/div><\/a><h3 class=\"title-box wpb_fadeInDownBig fadeInDownBig wpb_start_animation animated\">L\u1ed2NG N\u1ed4I HDPE<\/h3><div class=\"mota wpb_animate_when_almost_visible wpb_rollIn rollIn wpb_start_animation animated\">Nh\u00e0 s\u1ea3n xu\u1ea5t v\u00e0 ph\u00e2n ph\u1ed1i L\u1ed2NG n\u1ed5i nh\u1ef1a HDPE nu\u00f4i c\u00e1, t\u00f4m<\/div><div class=\"xemchitiet wpb_animate_when_almost_visible wpb_rollIn rollIn wpb_start_animation animated\"><a href=\"https:\/\/truongphatplastic.com.vn\/nuoi-bien\/sp\/long-noi-nhua-hdpe-nuoi-ca\/\">Xem chi ti\u1ebft<\/a><\/div><\/div><div class=\"carousel-item\"><a href=\"https:\/\/truongphatplastic.com.vn\/nuoi-bien\/sp\/gian-noi-hdpe-nuoi-nhuyen-the\/\"><img width=\"1920\" height=\"819\" src=\"https:\/\/truongphatplastic.com.vn\/nuoi-bien\/wp-content\/uploads\/2021\/08\/slider3-2.jpg\" class=\"attachment-full size-full\" alt=\"\" loading=\"lazy\" srcset=\"https:\/\/truongphatplastic.com.vn\/nuoi-bien\/wp-content\/uploads\/2021\/08\/slider3-2.jpg 1920w, https:\/\/truongphatplastic.com.vn\/nuoi-bien\/wp-content\/uploads\/2021\/08\/slider3-2-1536x655.jpg 1536w, https:\/\/truongphatplastic.com.vn\/nuoi-bien\/wp-content\/uploads\/2021\/08\/slider3-2-600x256.jpg 600w\" sizes=\"(max-width: 1920px) 100vw, 1920px\" \/><\/a><h3 class=\"title-box wpb_animate_when_almost_visible wpb_rollIn rollIn wpb_start_animation animated\">GI\u00c0N N\u1ed4I HDPE<\/h3><div class=\"mota wpb_fadeInDownBig fadeInDownBig wpb_start_animation animated\">Nh\u00e0 s\u1ea3n xu\u1ea5t v\u00e0 ph\u00e2n ph\u1ed1i Gi\u00e0n n\u1ed5i nh\u1ef1a HDPE nu\u00f4i h\u00e0u v\u00e0 nhuy\u1ec5n th\u1ec3<\/div><div class=\"xemchitiet wpb_animate_when_almost_visible wpb_rollIn rollIn wpb_start_animation animated\"><a href=\"https:\/\/truongphatplastic.com.vn\/nuoi-bien\/sp\/gian-noi-hdpe-nuoi-nhuyen-the\/\">Xem chi ti\u1ebft<\/a><\/div><\/div><\/div><a class=\"carousel-control-prev\" href=\"#carouselExampleIndicators\" role=\"button\" data-slide=\"prev\"><span class=\"carousel-control-prev-icon\" aria-hidden=\"true\"><\/span><span class=\"sr-only\">Previous<\/span><\/a><a class=\"carousel-control-next\" href=\"#carouselExampleIndicators\" role=\"button\" data-slide=\"next\"><span class=\"carousel-control-next-icon\" aria-hidden=\"true\"><\/span><span class=\"sr-only\">Next<\/span><\/a><\/div><\/div>[\/vc_column][\/vc_row][vc_row full_width=&#8221;stretch_row&#8221; el_id=&#8221;gioi-thieu&#8221; css=&#8221;.vc_custom_1628994735360{padding-top: 40px !important;padding-bottom: 40px !important;}&#8221;][vc_column width=&#8221;1\/2&#8243; el_class=&#8221;gioi-thieu-left&#8221;]<div class=\"wsboxtitlecontent gioi-thieu-left-item\" id=\"\"><h3 class=\"title-box\">Gi\u1edbi thi\u1ec7u C\u00f4ng ty C\u1ed5 Ph\u1ea7n Nh\u1ef1a Super Tr\u01b0\u1eddng Ph\u00e1t<\/h3><div class=\"boxcontent\"><p>Qua 10 n\u0103m h\u00ecnh th\u00e0nh v\u00e0 ph\u00e1t tri\u1ec3n, C\u00f4ng ty C\u1ed5 ph\u1ea7n Nh\u1ef1a Super Tr\u01b0\u1eddng Ph\u00e1t l\u00e0 m\u1ed9t trong nh\u1eefng c\u00f4ng ty c\u00f3 b\u01b0\u1edbc \u0111i ti\u00ean phong trong l\u0129nh v\u1ef1c s\u1ea3n xu\u1ea5t v\u00e0 cung c\u1ea5p c\u00e1c s\u1ea3n ph\u1ea9m bao g\u1ed3m: \u1ed0ng v\u00e0 ph\u1ee5 ki\u1ec7n nh\u1ef1a HDPE, uPVC, PPR; c\u00e1c s\u1ea3n ph\u1ea9m nu\u00f4i bi\u1ec3n t\u1eeb nh\u1ef1a HDPE \u0111\u1eb7c ch\u1ee7ng nh\u01b0 l\u1ed3ng n\u1ed5i HDPE, phao n\u1ed5i HDPE, gi\u00e0n n\u1ed5i HDPE, l\u01b0\u1edbi nh\u1ef1a HDPE\u2026<\/p>\n<p>S\u1ea3n ph\u1ea9m \u1ed1ng v\u00e0 ph\u1ee5 ki\u1ec7n c\u1ee7a c\u00f4ng ty ch\u00fang t\u00f4i chuy\u00ean cung c\u1ea5p cho c\u00e1c l\u0129nh v\u1ef1c: C\u1ea5p tho\u00e1t n\u01b0\u1edbc, X\u00e2y d\u1ef1ng h\u1ea1 t\u1ea7ng, n\u00f4ng nghi\u1ec7p, nu\u00f4i tr\u1ed3ng th\u1ee7y s\u1ea3n, ph\u00f2ng ch\u00e1y ch\u1eefa ch\u00e1y, \u0111i\u1ec7n l\u1ef1c, khai kho\u00e1ng v\u00e0 truy\u1ec1n t\u1ea3i h\u00fat c\u00e1t\u2026<\/p>\n<p>S\u1ea3n ph\u1ea9m l\u1ed3ng n\u1ed5i, phao n\u1ed5i, gi\u00e0n n\u1ed5i, v\u00e0 l\u01b0\u1edbi HDPE SuperPlas hi\u1ec7n \u0111ang cung c\u1ea5p t\u1edbi c\u00e1c d\u1ef1 \u00e1n Nu\u00f4i tr\u1ed3ng th\u1ee7y s\u1ea3n, Nu\u00f4i bi\u1ec3n b\u1ec1n v\u1eefng tr\u00ean kh\u1eafp c\u1ea3 n\u01b0\u1edbc.<\/p>\n<\/div><a href=\"\/gioi-thieu\" class=\"linklienket\">Xem th\u00eam<\/a><\/div>[\/vc_column][vc_column width=&#8221;1\/2&#8243; el_class=&#8221;gioi-thieu-right&#8221;][vc_row_inner][vc_column_inner el_class=&#8221;gioi-thieu-right-item&#8221; width=&#8221;1\/2&#8243;][vc_single_image image=&#8221;6714&#8243; alignment=&#8221;center&#8221; onclick=&#8221;link_image&#8221; el_class=&#8221;gioi-thieu-right-item-images&#8221;][\/vc_column_inner][vc_column_inner el_class=&#8221;gioi-thieu-right-item&#8221; width=&#8221;1\/2&#8243;][vc_single_image image=&#8221;6715&#8243; alignment=&#8221;center&#8221; onclick=&#8221;link_image&#8221; el_class=&#8221;gioi-thieu-right-item-images&#8221;][\/vc_column_inner][\/vc_row_inner][vc_row_inner][vc_column_inner el_class=&#8221;gioi-thieu-right-item&#8221; width=&#8221;1\/2&#8243;][vc_single_image image=&#8221;6716&#8243; alignment=&#8221;center&#8221; onclick=&#8221;link_image&#8221; el_class=&#8221;gioi-thieu-right-item-images&#8221;][\/vc_column_inner][vc_column_inner el_class=&#8221;gioi-thieu-right-item&#8221; width=&#8221;1\/2&#8243;][vc_single_image image=&#8221;6717&#8243; alignment=&#8221;center&#8221; onclick=&#8221;link_image&#8221; el_class=&#8221;gioi-thieu-right-item-images&#8221;][\/vc_column_inner][\/vc_row_inner][\/vc_column][\/vc_row][vc_row][vc_column][vc_column_text el_class=&#8221;title-home&#8221;]\n<h3 style=\"text-align: center;\">S\u1ea2N PH\u1ea8M D\u1ecaCH V\u1ee4<\/h3>\n<p style=\"text-align: center;\">S\u1ea3n ph\u1ea9m d\u1ecbch v\u1ee5 c\u1ee7a Nh\u1ef1a Super Tr\u01b0\u1eddng Ph\u00e1t<\/p>\n[\/vc_column_text]<div id=\"danh-muc-san-pham-noi-bat\"><div class=\"container-ws\"><div class=\"row\"><div class=\"sp-noibat-item col-md-6\"><div class=\"sanpham-ma-item dmsp-noibat-1\"><a href=\"https:\/\/truongphatplastic.com.vn\/nuoi-bien\/sp\/gian-noi-hdpe-nuoi-nhuyen-the\/\"><div class=\"hinh-mo\"><\/div><img width=\"800\" height=\"533\" src=\"https:\/\/truongphatplastic.com.vn\/nuoi-bien\/wp-content\/uploads\/2021\/08\/dsc05926.jpg\" class=\"attachment-full size-full\" alt=\"\" loading=\"lazy\" srcset=\"https:\/\/truongphatplastic.com.vn\/nuoi-bien\/wp-content\/uploads\/2021\/08\/dsc05926.jpg 800w, https:\/\/truongphatplastic.com.vn\/nuoi-bien\/wp-content\/uploads\/2021\/08\/dsc05926-600x400.jpg 600w\" sizes=\"(max-width: 800px) 100vw, 800px\" \/><div class=\"title-dmsp\">Gi\u00e0n n\u1ed5i HDPE<\/div><\/a><\/div><div class=\"sanpham-ma-item dmsp-noibat-2\"><a href=\"https:\/\/truongphatplastic.com.vn\/nuoi-bien\/sp\/long-noi-nhua-hdpe-nuoi-ca\/\"><div class=\"hinh-mo\"><\/div><img width=\"1920\" height=\"1280\" src=\"https:\/\/truongphatplastic.com.vn\/nuoi-bien\/wp-content\/uploads\/2021\/08\/long-noi.jpg\" class=\"attachment-full size-full\" alt=\"\" loading=\"lazy\" srcset=\"https:\/\/truongphatplastic.com.vn\/nuoi-bien\/wp-content\/uploads\/2021\/08\/long-noi.jpg 1920w, https:\/\/truongphatplastic.com.vn\/nuoi-bien\/wp-content\/uploads\/2021\/08\/long-noi-600x400.jpg 600w, https:\/\/truongphatplastic.com.vn\/nuoi-bien\/wp-content\/uploads\/2021\/08\/long-noi-1536x1024.jpg 1536w\" sizes=\"(max-width: 1920px) 100vw, 1920px\" \/><div class=\"title-dmsp\">L\u1ed3ng n\u1ed5i HDPE<\/div><\/a><\/div><\/div><div class=\"sp-noibat-item col-md-6\"><div class=\"sanpham-ma-item dmsp-noibat-3\"><a href=\"https:\/\/truongphatplastic.com.vn\/nuoi-bien\/sp\/phao-noi-nhua-hdpe\/\"><div class=\"hinh-mo\"><\/div><img width=\"1000\" height=\"667\" src=\"https:\/\/truongphatplastic.com.vn\/nuoi-bien\/wp-content\/uploads\/2021\/08\/phao-noi.jpg\" class=\"attachment-full size-full\" alt=\"\" loading=\"lazy\" srcset=\"https:\/\/truongphatplastic.com.vn\/nuoi-bien\/wp-content\/uploads\/2021\/08\/phao-noi.jpg 1000w, https:\/\/truongphatplastic.com.vn\/nuoi-bien\/wp-content\/uploads\/2021\/08\/phao-noi-600x400.jpg 600w\" sizes=\"(max-width: 1000px) 100vw, 1000px\" \/><div class=\"title-dmsp\">Phao n\u1ed5i HDPE<\/div><\/a><\/div><\/div><\/div><\/div><\/div>[\/vc_column][\/vc_row][vc_row el_id=&#8221;tin-tuc-su-kien&#8221; css=&#8221;.vc_custom_1629012996336{padding-bottom: 35px !important;}&#8221;][vc_column][vc_column_text el_class=&#8221;title-home&#8221;]\n<h3 style=\"text-align: center;\">TIN T\u1ee8C S\u1ef0 KI\u1ec6N<\/h3>\n<p style=\"text-align: center;\">Th\u00f4ng tin tin t\u1ee9c s\u1ef1 ki\u1ec7n m\u1edbi nh\u1ea5t c\u1ee7a Nh\u1ef1a Super Tr\u01b0\u1eddng Ph\u00e1t<\/p>\n[\/vc_column_text]<div class=\"baimoinhatwebseo\"><\/div>[\/vc_column][\/vc_row][vc_row full_width=&#8221;stretch_row&#8221; css=&#8221;.vc_custom_1629000229517{background-color: #f9f9f9 !important;}&#8221;][vc_column][vc_column_text]        [vc_row full_width=&#8221;stretch_row&#8221; el_id=&#8221;cong-trinh-tieu-bieu&#8221; css=&#8221;.vc_custom_1629532467129{padding-top: 35px !important;padding-bottom: 40px !important;background-color: #f5f5f5 !important;}&#8221;][vc_column][vc_column_text el_class=&#8221;title-home&#8221;]\n<h3 style=\"text-align: center;\">D\u1ef0 \u00c1N TI\u00caU BI\u1ec2U<\/h3>\n<p style=\"text-align: center;\">Nh\u1ef1a Super Tr\u01b0\u1eddng Ph\u00e1t lu\u00f4n l\u00e0 l\u1ef1a ch\u1ecdn h\u00e0ng \u0111\u1ea7u c\u1ee7a ch\u1ee7 \u0111\u1ea7u t\u01b0 v\u00e0 nh\u00e0 th\u1ea7u x\u00e2y d\u1ef1ng<\/p>\n[\/vc_column_text][vc_row_inner css=&#8221;.vc_custom_1629531468168{margin-top: 25px !important;}&#8221;][vc_column_inner width=&#8221;1\/3&#8243;]<div class=\"box-item-webseo style-1 cong-trinh-tieu-bieu-item\" id=\"\"><div class=\"img-box text-center\"><img width=\"750\" height=\"500\" src=\"https:\/\/truongphatplastic.com.vn\/nuoi-bien\/wp-content\/uploads\/2021\/08\/phao-bau-duc-hdpe-1.jpg\" class=\"attachment-full size-full\" alt=\"\" loading=\"lazy\" srcset=\"https:\/\/truongphatplastic.com.vn\/nuoi-bien\/wp-content\/uploads\/2021\/08\/phao-bau-duc-hdpe-1.jpg 750w, https:\/\/truongphatplastic.com.vn\/nuoi-bien\/wp-content\/uploads\/2021\/08\/phao-bau-duc-hdpe-1-600x400.jpg 600w\" sizes=\"(max-width: 750px) 100vw, 750px\" \/><\/div><h3 class=\"title-box text-center p-2\">D\u1ef1 \u00e1n Phao nu\u00f4i h\u00e0u t\u1ea1i Qu\u1ea3ng Ninh<\/h3><div class=\"caption-box\"><p>Phao nu\u00f4i h\u00e0u c\u1ee7a Nh\u1ef1a Super Tr\u01b0\u1eddng Ph\u00e1t \u0111\u00e3 \u0111\u01b0\u1ee3c c\u00e1c \u0111\u1ed1i t\u00e1c v\u00e0 b\u00e0 con ng\u01b0 d\u00e2n nu\u00f4i tr\u1ed3ng th\u1ee7y h\u1ea3i s\u1ea3n Qu\u1ea3ng Ninh \u0111\u00f3n nh\u1eadn v\u00e0 \u00e1p d\u1ee5ng r\u1ed9ng r\u00e3i \u1edf nhi\u1ec1u qu\u1eadn huy\u1ec7n nh\u01b0 V\u00e2n \u0110\u1ed3n, C\u1ea9m Ph\u1ea3, M\u00f3ng C\u00e1i, &#8230;<\/p>\n<\/div><div class=\"link-box text-center\"><\/div><\/div>[\/vc_column_inner][vc_column_inner width=&#8221;1\/3&#8243;]<div class=\"box-item-webseo style-1 cong-trinh-tieu-bieu-item\" id=\"\"><div class=\"img-box text-center\"><img width=\"1280\" height=\"960\" src=\"https:\/\/truongphatplastic.com.vn\/nuoi-bien\/wp-content\/uploads\/2021\/08\/2-du-an-long-hdpe-nuoi-ca-chim-vay-vang.jpg\" class=\"attachment-full size-full\" alt=\"\" loading=\"lazy\" srcset=\"https:\/\/truongphatplastic.com.vn\/nuoi-bien\/wp-content\/uploads\/2021\/08\/2-du-an-long-hdpe-nuoi-ca-chim-vay-vang.jpg 1280w, https:\/\/truongphatplastic.com.vn\/nuoi-bien\/wp-content\/uploads\/2021\/08\/2-du-an-long-hdpe-nuoi-ca-chim-vay-vang-600x450.jpg 600w\" sizes=\"(max-width: 1280px) 100vw, 1280px\" \/><\/div><h3 class=\"title-box text-center p-2\">D\u1ef1 \u00e1n l\u1ed3ng nu\u00f4i c\u00e1 chim v\u00e2y v\u00e0ng<\/h3><div class=\"caption-box\"><p>Ph\u1ee5c v\u1ee5 nu\u00f4i c\u00e1 chim v\u00e2y v\u00e0ng cho xu\u1ea5t kh\u1ea9u t\u1ea1i t\u1ec9nh Ninh Thu\u1eadn. Di\u1ec7n t\u00edch nu\u00f4i r\u1ed9ng 5ha, s\u1eed d\u1ee5ng l\u1ed3ng tr\u00f2n HDPE SuperPlas v\u1edbi \u0111\u1ed9 b\u1ec1n cao v\u00e0 th\u00edch \u1ee9ng v\u1edbi m\u00f4i tr\u01b0\u1eddng n\u01b0\u1edbc bi\u1ec3n. \u0110\u00e2y l\u00e0 d\u1ef1 \u00e1n l\u1ed3ng nu\u00f4i c\u00e1 theo C\u00f4ng ngh\u1ec7 l\u1ed3ng c\u00e1 c\u1ee7a Na Uy<\/p>\n<\/div><div class=\"link-box text-center\"><\/div><\/div>[\/vc_column_inner][vc_column_inner width=&#8221;1\/3&#8243;]<div class=\"box-item-webseo style-1 cong-trinh-tieu-bieu-item\" id=\"\"><div class=\"img-box text-center\"><img width=\"800\" height=\"533\" src=\"https:\/\/truongphatplastic.com.vn\/nuoi-bien\/wp-content\/uploads\/2021\/08\/dsc05925.jpg\" class=\"attachment-full size-full\" alt=\"\" loading=\"lazy\" srcset=\"https:\/\/truongphatplastic.com.vn\/nuoi-bien\/wp-content\/uploads\/2021\/08\/dsc05925.jpg 800w, https:\/\/truongphatplastic.com.vn\/nuoi-bien\/wp-content\/uploads\/2021\/08\/dsc05925-600x400.jpg 600w\" sizes=\"(max-width: 800px) 100vw, 800px\" \/><\/div><h3 class=\"title-box text-center p-2\">Gi\u00e0n n\u1ed5i nu\u00f4i nhuy\u1ec5n th\u1ec3 t\u1ea1i \u0110\u1ea3o Ph\u1ea5t C\u1edd<\/h3><div class=\"caption-box\"><p>S\u1ea3n ph\u1ea9m \u1ed1ng nh\u1ef1a HDPE l\u00e0m gi\u00e0n n\u1ed5i nu\u00f4i nhuy\u1ec5n th\u1ec3 c\u1ee7a Nh\u1ef1a Super Tr\u01b0\u1eddng Ph\u00e1t \u0111\u01b0\u1ee3c s\u1eed d\u1ee5ng v\u00e0 l\u1eafp \u0111\u1eb7t t\u1ea1i huy\u1ec7n \u0111\u1ea3o V\u00e2n \u0110\u1ed3n Qu\u1ea3ng Ninh, mang l\u1ea1i hi\u1ec7u qu\u1ea3 kinh t\u1ebf cao cho b\u00e0 con ng\u01b0 d\u00e2n.<\/p>\n<\/div><div class=\"link-box text-center\"><\/div><\/div>[\/vc_column_inner][\/vc_row_inner][\/vc_column][\/vc_row]\n    [\/vc_column_text][\/vc_column][\/vc_row][vc_row full_width=&#8221;stretch_row&#8221; el_id=&#8221;thuong-hieu-noi-tieng&#8221; css=&#8221;.vc_custom_1629529704180{padding-top: 35px !important;padding-bottom: 35px !important;background-color: #eeeeee !important;}&#8221;][vc_column][vc_row_inner][vc_column_inner width=&#8221;1\/4&#8243;][vc_single_image image=&#8221;6758&#8243;][\/vc_column_inner][vc_column_inner width=&#8221;1\/4&#8243;][vc_single_image image=&#8221;6752&#8243;][\/vc_column_inner][vc_column_inner width=&#8221;1\/4&#8243;][vc_single_image image=&#8221;6754&#8243;][\/vc_column_inner][vc_column_inner width=&#8221;1\/4&#8243;][vc_single_image image=&#8221;6757&#8243;][\/vc_column_inner][\/vc_row_inner][vc_row_inner][vc_column_inner width=&#8221;1\/4&#8243;][vc_single_image image=&#8221;6755&#8243;][\/vc_column_inner][vc_column_inner width=&#8221;1\/4&#8243;][vc_single_image image=&#8221;6756&#8243;][\/vc_column_inner][vc_column_inner width=&#8221;1\/4&#8243;][vc_single_image image=&#8221;7726&#8243;][\/vc_column_inner][vc_column_inner width=&#8221;1\/4&#8243;][vc_single_image image=&#8221;7727&#8243;][\/vc_column_inner][\/vc_row_inner][\/vc_column][\/vc_row]\n","protected":false},"excerpt":{"rendered":"<p> S\u1ea2N PH\u1ea8M D\u1ecaCH V\u1ee4 S\u1ea3n ph\u1ea9m d\u1ecbch v\u1ee5 c\u1ee7a Nh\u1ef1a Super Tr\u01b0\u1eddng Ph\u00e1t [vc_row el_id=&#8221;tin-tuc-su-kien&#8221; css=&#8221;.vc_custom_1629012996336{padding-bottom: 35px &hellip;<\/p>\n","protected":false},"author":1,"featured_media":0,"parent":0,"menu_order":0,"comment_status":"closed","ping_status":"open","template":"","meta":[],"yoast_head":"<!-- This site is optimized with the Yoast SEO Premium plugin v14.9 - https:\/\/yoast.com\/wordpress\/plugins\/seo\/ -->\n<title>C\u00f4ng Ty C\u1ed5 Ph\u1ea7n Nh\u1ef1a Super Tr\u01b0\u1eddng Ph\u00e1t<\/title>\n<meta name=\"robots\" content=\"index, follow, max-snippet:-1, max-image-preview:large, max-video-preview:-1\" \/>\n<link rel=\"canonical\" href=\"https:\/\/truongphatplastic.com.vn\/nuoi-bien\/\" \/>\n<meta property=\"og:locale\" content=\"vi_VN\" \/>\n<meta property=\"og:type\" content=\"article\" \/>\n<meta property=\"og:title\" content=\"C\u00f4ng Ty C\u1ed5 Ph\u1ea7n Nh\u1ef1a Super Tr\u01b0\u1eddng Ph\u00e1t\" \/>\n<meta property=\"og:description\" content=\"S\u1ea2N PH\u1ea8M D\u1ecaCH V\u1ee4 S\u1ea3n ph\u1ea9m d\u1ecbch v\u1ee5 c\u1ee7a Nh\u1ef1a Super Tr\u01b0\u1eddng Ph\u00e1t [vc_row el_id=&#8221;tin-tuc-su-kien&#8221; css=&#8221;.vc_custom_1629012996336{padding-bottom: 35px &hellip;\" \/>\n<meta property=\"og:url\" content=\"https:\/\/truongphatplastic.com.vn\/nuoi-bien\/\" \/>\n<meta property=\"og:site_name\" content=\"C\u00f4ng Ty C\u1ed5 Ph\u1ea7n Nh\u1ef1a Super Tr\u01b0\u1eddng Ph\u00e1t\" \/>\n<meta property=\"article:modified_time\" content=\"2021-08-22T08:44:02+00:00\" \/>\n<meta name=\"twitter:card\" content=\"summary_large_image\" \/>\n<script type=\"application\/ld+json\" class=\"yoast-schema-graph\">{\"@context\":\"https:\/\/schema.org\",\"@graph\":[{\"@type\":\"WebSite\",\"@id\":\"https:\/\/truongphatplastic.com.vn\/nuoi-bien\/#website\",\"url\":\"https:\/\/truongphatplastic.com.vn\/nuoi-bien\/\",\"name\":\"C\\u00f4ng Ty C\\u1ed5 Ph\\u1ea7n Nh\\u1ef1a Super Tr\\u01b0\\u1eddng Ph\\u00e1t\",\"description\":\"\",\"potentialAction\":[{\"@type\":\"SearchAction\",\"target\":\"https:\/\/truongphatplastic.com.vn\/nuoi-bien\/?s={search_term_string}\",\"query-input\":\"required name=search_term_string\"}],\"inLanguage\":\"vi\"},{\"@type\":\"WebPage\",\"@id\":\"https:\/\/truongphatplastic.com.vn\/nuoi-bien\/#webpage\",\"url\":\"https:\/\/truongphatplastic.com.vn\/nuoi-bien\/\",\"name\":\"C\\u00f4ng Ty C\\u1ed5 Ph\\u1ea7n Nh\\u1ef1a Super Tr\\u01b0\\u1eddng Ph\\u00e1t\",\"isPartOf\":{\"@id\":\"https:\/\/truongphatplastic.com.vn\/nuoi-bien\/#website\"},\"datePublished\":\"2021-08-10T04:22:09+00:00\",\"dateModified\":\"2021-08-22T08:44:02+00:00\",\"breadcrumb\":{\"@id\":\"https:\/\/truongphatplastic.com.vn\/nuoi-bien\/#breadcrumb\"},\"inLanguage\":\"vi\",\"potentialAction\":[{\"@type\":\"ReadAction\",\"target\":[\"https:\/\/truongphatplastic.com.vn\/nuoi-bien\/\"]}]},{\"@type\":\"BreadcrumbList\",\"@id\":\"https:\/\/truongphatplastic.com.vn\/nuoi-bien\/#breadcrumb\",\"itemListElement\":[{\"@type\":\"ListItem\",\"position\":1,\"item\":{\"@type\":\"WebPage\",\"@id\":\"https:\/\/truongphatplastic.com.vn\/nuoi-bien\/\",\"url\":\"https:\/\/truongphatplastic.com.vn\/nuoi-bien\/\",\"name\":\"Home\"}},{\"@type\":\"ListItem\",\"position\":2,\"item\":{\"@type\":\"WebPage\",\"@id\":\"https:\/\/truongphatplastic.com.vn\/nuoi-bien\/\",\"url\":\"https:\/\/truongphatplastic.com.vn\/nuoi-bien\/\",\"name\":\"Trang M\\u1eabu\"}}]}]}<\/script>\n<!-- \/ Yoast SEO Premium plugin. -->","_links":{"self":[{"href":"https:\/\/truongphatplastic.com.vn\/nuoi-bien\/wp-json\/wp\/v2\/pages\/2"}],"collection":[{"href":"https:\/\/truongphatplastic.com.vn\/nuoi-bien\/wp-json\/wp\/v2\/pages"}],"about":[{"href":"https:\/\/truongphatplastic.com.vn\/nuoi-bien\/wp-json\/wp\/v2\/types\/page"}],"author":[{"embeddable":true,"href":"https:\/\/truongphatplastic.com.vn\/nuoi-bien\/wp-json\/wp\/v2\/users\/1"}],"replies":[{"embeddable":true,"href":"https:\/\/truongphatplastic.com.vn\/nuoi-bien\/wp-json\/wp\/v2\/comments?post=2"}],"version-history":[{"count":2,"href":"https:\/\/truongphatplastic.com.vn\/nuoi-bien\/wp-json\/wp\/v2\/pages\/2\/revisions"}],"predecessor-version":[{"id":7842,"href":"https:\/\/truongphatplastic.com.vn\/nuoi-bien\/wp-json\/wp\/v2\/pages\/2\/revisions\/7842"}],"wp:attachment":[{"href":"https:\/\/truongphatplastic.com.vn\/nuoi-bien\/wp-json\/wp\/v2\/media?parent=2"}],"curies":[{"name":"wp","href":"https:\/\/api.w.org\/{rel}","templated":true}]}}